{"id":10445,"date":"2021-05-10T17:24:58","date_gmt":"2021-05-10T20:24:58","guid":{"rendered":"https:\/\/www.munirauco.cl\/sitio\/?page_id=10445"},"modified":"2021-05-10T17:25:45","modified_gmt":"2021-05-10T20:25:45","slug":"que-plantar-en-mayo","status":"publish","type":"page","link":"https:\/\/www.munirauco.cl\/sitio\/que-plantar-en-mayo\/","title":{"rendered":"Qu\u00e9 plantar en mayo"},"content":{"rendered":"\t\t<div data-elementor-type=\"wp-page\" data-elementor-id=\"10445\" class=\"elementor elementor-10445\">\n\t\t\t\t\t\t<section class=\"elementor-section elementor-top-section elementor-element elementor-element-012a4c6 elementor-section-boxed elementor-section-height-default elementor-section-height-default\" data-id=\"012a4c6\" data-element_type=\"section\" data-e-type=\"section\">\n\t\t\t\t\t\t<div class=\"elementor-container elementor-column-gap-default\">\n\t\t\t\t\t<div class=\"elementor-column elementor-col-100 elementor-top-column elementor-element elementor-element-2fa3a48\" data-id=\"2fa3a48\" data-element_type=\"column\" data-e-type=\"column\">\n\t\t\t<div class=\"elementor-widget-wrap elementor-element-populated\">\n\t\t\t\t\t\t<div class=\"elementor-element elementor-element-d5200a2 elementor-widget elementor-widget-text-editor\" data-id=\"d5200a2\" data-element_type=\"widget\" data-e-type=\"widget\" data-widget_type=\"text-editor.default\">\n\t\t\t\t<div class=\"elementor-widget-container\">\n\t\t\t\t\t\t\t\t\t<p><strong>Produce t\u00fa mismo las hortalizas para tu familia<\/strong><\/p>\t\t\t\t\t\t\t\t<\/div>\n\t\t\t\t<\/div>\n\t\t\t\t<div class=\"elementor-element elementor-element-7d0f8c4 elementor-widget elementor-widget-text-editor\" data-id=\"7d0f8c4\" data-element_type=\"widget\" data-e-type=\"widget\" data-widget_type=\"text-editor.default\">\n\t\t\t\t<div class=\"elementor-widget-container\">\n\t\t\t\t\t\t\t\t\t<p>El siguiente dato puede ser de inter\u00e9s para la comunidad en general. La imagen muestra todas las hortalizas que durante el mes de abril se pueden sembrar o plantar. Los invitamos a producir sus propias verduras.<\/p>\t\t\t\t\t\t\t\t<\/div>\n\t\t\t\t<\/div>\n\t\t\t\t<div class=\"elementor-element elementor-element-64dfa92 elementor-widget elementor-widget-image\" data-id=\"64dfa92\" data-element_type=\"widget\" data-e-type=\"widget\" data-widget_type=\"image.default\">\n\t\t\t\t<div class=\"elementor-widget-container\">\n\t\t\t\t\t\t\t\t\t\t\t\t\t\t\t<img fetchpriority=\"high\" decoding=\"async\" width=\"852\" height=\"1008\" src=\"https:\/\/www.munirauco.cl\/sitio\/wp-content\/uploads\/2021\/05\/mayo.png\" class=\"attachment-large size-large wp-image-10449\" alt=\"\" srcset=\"https:\/\/www.munirauco.cl\/sitio\/wp-content\/uploads\/2021\/05\/mayo.png 852w, https:\/\/www.munirauco.cl\/sitio\/wp-content\/uploads\/2021\/05\/mayo-254x300.png 254w, https:\/\/www.munirauco.cl\/sitio\/wp-content\/uploads\/2021\/05\/mayo-768x909.png 768w, https:\/\/www.munirauco.cl\/sitio\/wp-content\/uploads\/2021\/05\/mayo-600x710.png 600w, https:\/\/www.munirauco.cl\/sitio\/wp-content\/uploads\/2021\/05\/mayo-549x649.png 549w\" sizes=\"(max-width: 852px) 100vw, 852px\" \/>\t\t\t\t\t\t\t\t\t\t\t\t\t\t\t<\/div>\n\t\t\t\t<\/div>\n\t\t\t\t\t<\/div>\n\t\t<\/div>\n\t\t\t\t\t<\/div>\n\t\t<\/section>\n\t\t\t\t<\/div>\n\t\t","protected":false},"excerpt":{"rendered":"<p>Produce t\u00fa mismo las hortalizas para tu familia El siguiente dato puede ser de inter\u00e9s para la comunidad en general. La imagen muestra todas las hortalizas que durante el mes de abril se pueden sembrar o plantar. Los invitamos a producir sus propias verduras.<\/p>\n","protected":false},"author":1,"featured_media":0,"parent":0,"menu_order":0,"comment_status":"closed","ping_status":"closed","template":"","meta":{"site-sidebar-layout":"default","site-content-layout":"","ast-site-content-layout":"","site-content-style":"default","site-sidebar-style":"default","ast-global-header-display":"","ast-banner-title-visibility":"","ast-main-header-display":"","ast-hfb-above-header-display":"","ast-hfb-below-header-display":"","ast-hfb-mobile-header-display":"","site-post-title":"","ast-breadcrumbs-content":"","ast-featured-img":"","footer-sml-layout":"","theme-transparent-header-meta":"","adv-header-id-meta":"","stick-header-meta":"","header-above-stick-meta":"","header-main-stick-meta":"","header-below-stick-meta":"","astra-migrate-meta-layouts":"default","ast-page-background-enabled":"default","ast-page-background-meta":{"desktop":{"background-color":"var(--ast-global-color-4)","background-image":"","background-repeat":"repeat","background-position":"center center","background-size":"auto","background-attachment":"scroll","background-type":"","background-media":"","overlay-type":"","overlay-color":"","overlay-opacity":"","overlay-gradient":""},"tablet":{"background-color":"","background-image":"","background-repeat":"repeat","background-position":"center center","background-size":"auto","background-attachment":"scroll","background-type":"","background-media":"","overlay-type":"","overlay-color":"","overlay-opacity":"","overlay-gradient":""},"mobile":{"background-color":"","background-image":"","background-repeat":"repeat","background-position":"center center","background-size":"auto","background-attachment":"scroll","background-type":"","background-media":"","overlay-type":"","overlay-color":"","overlay-opacity":"","overlay-gradient":""}},"ast-content-background-meta":{"desktop":{"background-color":"var(--ast-global-color-5)","background-image":"","background-repeat":"repeat","background-position":"center center","background-size":"auto","background-attachment":"scroll","background-type":"","background-media":"","overlay-type":"","overlay-color":"","overlay-opacity":"","overlay-gradient":""},"tablet":{"background-color":"var(--ast-global-color-5)","background-image":"","background-repeat":"repeat","background-position":"center center","background-size":"auto","background-attachment":"scroll","background-type":"","background-media":"","overlay-type":"","overlay-color":"","overlay-opacity":"","overlay-gradient":""},"mobile":{"background-color":"var(--ast-global-color-5)","background-image":"","background-repeat":"repeat","background-position":"center center","background-size":"auto","background-attachment":"scroll","background-type":"","background-media":"","overlay-type":"","overlay-color":"","overlay-opacity":"","overlay-gradient":""}},"footnotes":""},"class_list":["post-10445","page","type-page","status-publish","hentry"],"yoast_head":"<!-- This site is optimized with the Yoast SEO plugin v27.3 - https:\/\/yoast.com\/product\/yoast-seo-wordpress\/ -->\n<title>Qu\u00e9 plantar en mayo -<\/title>\n<meta name=\"robots\" content=\"index, follow, max-snippet:-1, max-image-preview:large, max-video-preview:-1\" \/>\n<link rel=\"canonical\" href=\"https:\/\/www.munirauco.cl\/sitio\/que-plantar-en-mayo\/\" \/>\n<meta property=\"og:locale\" content=\"es_ES\" \/>\n<meta property=\"og:type\" content=\"article\" \/>\n<meta property=\"og:title\" content=\"Qu\u00e9 plantar en mayo -\" \/>\n<meta property=\"og:description\" content=\"Produce t\u00fa mismo las hortalizas para tu familia El siguiente dato puede ser de inter\u00e9s para la comunidad en general. La imagen muestra todas las hortalizas que durante el mes de abril se pueden sembrar o plantar. Los invitamos a producir sus propias verduras.\" \/>\n<meta property=\"og:url\" content=\"https:\/\/www.munirauco.cl\/sitio\/que-plantar-en-mayo\/\" \/>\n<meta property=\"article:publisher\" content=\"https:\/\/www.facebook.com\/munirauco\" \/>\n<meta property=\"article:modified_time\" content=\"2021-05-10T20:25:45+00:00\" \/>\n<meta property=\"og:image\" content=\"https:\/\/www.munirauco.cl\/sitio\/wp-content\/uploads\/2021\/05\/mayo.png\" \/>\n<meta name=\"twitter:card\" content=\"summary_large_image\" \/>\n<meta name=\"twitter:label1\" content=\"Tiempo estimado de lectura\" \/>\n\t<meta name=\"twitter:data1\" content=\"1 minuto\" \/>\n<script type=\"application\/ld+json\" class=\"yoast-schema-graph\">{\"@context\":\"https:\\\/\\\/schema.org\",\"@graph\":[{\"@type\":\"WebPage\",\"@id\":\"https:\\\/\\\/www.munirauco.cl\\\/sitio\\\/que-plantar-en-mayo\\\/\",\"url\":\"https:\\\/\\\/www.munirauco.cl\\\/sitio\\\/que-plantar-en-mayo\\\/\",\"name\":\"Qu\u00e9 plantar en mayo -\",\"isPartOf\":{\"@id\":\"https:\\\/\\\/www.munirauco.cl\\\/sitio\\\/#website\"},\"primaryImageOfPage\":{\"@id\":\"https:\\\/\\\/www.munirauco.cl\\\/sitio\\\/que-plantar-en-mayo\\\/#primaryimage\"},\"image\":{\"@id\":\"https:\\\/\\\/www.munirauco.cl\\\/sitio\\\/que-plantar-en-mayo\\\/#primaryimage\"},\"thumbnailUrl\":\"https:\\\/\\\/www.munirauco.cl\\\/sitio\\\/wp-content\\\/uploads\\\/2021\\\/05\\\/mayo.png\",\"datePublished\":\"2021-05-10T20:24:58+00:00\",\"dateModified\":\"2021-05-10T20:25:45+00:00\",\"breadcrumb\":{\"@id\":\"https:\\\/\\\/www.munirauco.cl\\\/sitio\\\/que-plantar-en-mayo\\\/#breadcrumb\"},\"inLanguage\":\"es-CL\",\"potentialAction\":[{\"@type\":\"ReadAction\",\"target\":[\"https:\\\/\\\/www.munirauco.cl\\\/sitio\\\/que-plantar-en-mayo\\\/\"]}]},{\"@type\":\"ImageObject\",\"inLanguage\":\"es-CL\",\"@id\":\"https:\\\/\\\/www.munirauco.cl\\\/sitio\\\/que-plantar-en-mayo\\\/#primaryimage\",\"url\":\"https:\\\/\\\/www.munirauco.cl\\\/sitio\\\/wp-content\\\/uploads\\\/2021\\\/05\\\/mayo.png\",\"contentUrl\":\"https:\\\/\\\/www.munirauco.cl\\\/sitio\\\/wp-content\\\/uploads\\\/2021\\\/05\\\/mayo.png\",\"width\":852,\"height\":1008},{\"@type\":\"BreadcrumbList\",\"@id\":\"https:\\\/\\\/www.munirauco.cl\\\/sitio\\\/que-plantar-en-mayo\\\/#breadcrumb\",\"itemListElement\":[{\"@type\":\"ListItem\",\"position\":1,\"name\":\"Portada\",\"item\":\"https:\\\/\\\/www.munirauco.cl\\\/sitio\\\/\"},{\"@type\":\"ListItem\",\"position\":2,\"name\":\"Qu\u00e9 plantar en mayo\"}]},{\"@type\":\"WebSite\",\"@id\":\"https:\\\/\\\/www.munirauco.cl\\\/sitio\\\/#website\",\"url\":\"https:\\\/\\\/www.munirauco.cl\\\/sitio\\\/\",\"name\":\"Ilustre Municipalidad de Rauco\",\"description\":\"P\u00e1gina dedicada a prestar informaci\u00f3n y ayuda a la comunidad de Rauco.\",\"publisher\":{\"@id\":\"https:\\\/\\\/www.munirauco.cl\\\/sitio\\\/#organization\"},\"potentialAction\":[{\"@type\":\"SearchAction\",\"target\":{\"@type\":\"EntryPoint\",\"urlTemplate\":\"https:\\\/\\\/www.munirauco.cl\\\/sitio\\\/?s={search_term_string}\"},\"query-input\":{\"@type\":\"PropertyValueSpecification\",\"valueRequired\":true,\"valueName\":\"search_term_string\"}}],\"inLanguage\":\"es-CL\"},{\"@type\":\"Organization\",\"@id\":\"https:\\\/\\\/www.munirauco.cl\\\/sitio\\\/#organization\",\"name\":\"Ilustre Municipalidad de Rauco\",\"url\":\"https:\\\/\\\/www.munirauco.cl\\\/sitio\\\/\",\"logo\":{\"@type\":\"ImageObject\",\"inLanguage\":\"es-CL\",\"@id\":\"https:\\\/\\\/www.munirauco.cl\\\/sitio\\\/#\\\/schema\\\/logo\\\/image\\\/\",\"url\":\"https:\\\/\\\/www.munirauco.cl\\\/sitio\\\/wp-content\\\/uploads\\\/2021\\\/03\\\/logoRauco-t.png\",\"contentUrl\":\"https:\\\/\\\/www.munirauco.cl\\\/sitio\\\/wp-content\\\/uploads\\\/2021\\\/03\\\/logoRauco-t.png\",\"width\":1920,\"height\":1080,\"caption\":\"Ilustre Municipalidad de Rauco\"},\"image\":{\"@id\":\"https:\\\/\\\/www.munirauco.cl\\\/sitio\\\/#\\\/schema\\\/logo\\\/image\\\/\"},\"sameAs\":[\"https:\\\/\\\/www.facebook.com\\\/munirauco\",\"https:\\\/\\\/www.instagram.com\\\/raucoavanza\\\/\"]}]}<\/script>\n<!-- \/ Yoast SEO plugin. -->","yoast_head_json":{"title":"Qu\u00e9 plantar en mayo -","robots":{"index":"index","follow":"follow","max-snippet":"max-snippet:-1","max-image-preview":"max-image-preview:large","max-video-preview":"max-video-preview:-1"},"canonical":"https:\/\/www.munirauco.cl\/sitio\/que-plantar-en-mayo\/","og_locale":"es_ES","og_type":"article","og_title":"Qu\u00e9 plantar en mayo -","og_description":"Produce t\u00fa mismo las hortalizas para tu familia El siguiente dato puede ser de inter\u00e9s para la comunidad en general. La imagen muestra todas las hortalizas que durante el mes de abril se pueden sembrar o plantar. Los invitamos a producir sus propias verduras.","og_url":"https:\/\/www.munirauco.cl\/sitio\/que-plantar-en-mayo\/","article_publisher":"https:\/\/www.facebook.com\/munirauco","article_modified_time":"2021-05-10T20:25:45+00:00","og_image":[{"url":"https:\/\/www.munirauco.cl\/sitio\/wp-content\/uploads\/2021\/05\/mayo.png","type":"","width":"","height":""}],"twitter_card":"summary_large_image","twitter_misc":{"Tiempo estimado de lectura":"1 minuto"},"schema":{"@context":"https:\/\/schema.org","@graph":[{"@type":"WebPage","@id":"https:\/\/www.munirauco.cl\/sitio\/que-plantar-en-mayo\/","url":"https:\/\/www.munirauco.cl\/sitio\/que-plantar-en-mayo\/","name":"Qu\u00e9 plantar en mayo -","isPartOf":{"@id":"https:\/\/www.munirauco.cl\/sitio\/#website"},"primaryImageOfPage":{"@id":"https:\/\/www.munirauco.cl\/sitio\/que-plantar-en-mayo\/#primaryimage"},"image":{"@id":"https:\/\/www.munirauco.cl\/sitio\/que-plantar-en-mayo\/#primaryimage"},"thumbnailUrl":"https:\/\/www.munirauco.cl\/sitio\/wp-content\/uploads\/2021\/05\/mayo.png","datePublished":"2021-05-10T20:24:58+00:00","dateModified":"2021-05-10T20:25:45+00:00","breadcrumb":{"@id":"https:\/\/www.munirauco.cl\/sitio\/que-plantar-en-mayo\/#breadcrumb"},"inLanguage":"es-CL","potentialAction":[{"@type":"ReadAction","target":["https:\/\/www.munirauco.cl\/sitio\/que-plantar-en-mayo\/"]}]},{"@type":"ImageObject","inLanguage":"es-CL","@id":"https:\/\/www.munirauco.cl\/sitio\/que-plantar-en-mayo\/#primaryimage","url":"https:\/\/www.munirauco.cl\/sitio\/wp-content\/uploads\/2021\/05\/mayo.png","contentUrl":"https:\/\/www.munirauco.cl\/sitio\/wp-content\/uploads\/2021\/05\/mayo.png","width":852,"height":1008},{"@type":"BreadcrumbList","@id":"https:\/\/www.munirauco.cl\/sitio\/que-plantar-en-mayo\/#breadcrumb","itemListElement":[{"@type":"ListItem","position":1,"name":"Portada","item":"https:\/\/www.munirauco.cl\/sitio\/"},{"@type":"ListItem","position":2,"name":"Qu\u00e9 plantar en mayo"}]},{"@type":"WebSite","@id":"https:\/\/www.munirauco.cl\/sitio\/#website","url":"https:\/\/www.munirauco.cl\/sitio\/","name":"Ilustre Municipalidad de Rauco","description":"P\u00e1gina dedicada a prestar informaci\u00f3n y ayuda a la comunidad de Rauco.","publisher":{"@id":"https:\/\/www.munirauco.cl\/sitio\/#organization"},"potentialAction":[{"@type":"SearchAction","target":{"@type":"EntryPoint","urlTemplate":"https:\/\/www.munirauco.cl\/sitio\/?s={search_term_string}"},"query-input":{"@type":"PropertyValueSpecification","valueRequired":true,"valueName":"search_term_string"}}],"inLanguage":"es-CL"},{"@type":"Organization","@id":"https:\/\/www.munirauco.cl\/sitio\/#organization","name":"Ilustre Municipalidad de Rauco","url":"https:\/\/www.munirauco.cl\/sitio\/","logo":{"@type":"ImageObject","inLanguage":"es-CL","@id":"https:\/\/www.munirauco.cl\/sitio\/#\/schema\/logo\/image\/","url":"https:\/\/www.munirauco.cl\/sitio\/wp-content\/uploads\/2021\/03\/logoRauco-t.png","contentUrl":"https:\/\/www.munirauco.cl\/sitio\/wp-content\/uploads\/2021\/03\/logoRauco-t.png","width":1920,"height":1080,"caption":"Ilustre Municipalidad de Rauco"},"image":{"@id":"https:\/\/www.munirauco.cl\/sitio\/#\/schema\/logo\/image\/"},"sameAs":["https:\/\/www.facebook.com\/munirauco","https:\/\/www.instagram.com\/raucoavanza\/"]}]}},"_links":{"self":[{"href":"https:\/\/www.munirauco.cl\/sitio\/wp-json\/wp\/v2\/pages\/10445","targetHints":{"allow":["GET"]}}],"collection":[{"href":"https:\/\/www.munirauco.cl\/sitio\/wp-json\/wp\/v2\/pages"}],"about":[{"href":"https:\/\/www.munirauco.cl\/sitio\/wp-json\/wp\/v2\/types\/page"}],"author":[{"embeddable":true,"href":"https:\/\/www.munirauco.cl\/sitio\/wp-json\/wp\/v2\/users\/1"}],"replies":[{"embeddable":true,"href":"https:\/\/www.munirauco.cl\/sitio\/wp-json\/wp\/v2\/comments?post=10445"}],"version-history":[{"count":4,"href":"https:\/\/www.munirauco.cl\/sitio\/wp-json\/wp\/v2\/pages\/10445\/revisions"}],"predecessor-version":[{"id":10452,"href":"https:\/\/www.munirauco.cl\/sitio\/wp-json\/wp\/v2\/pages\/10445\/revisions\/10452"}],"wp:attachment":[{"href":"https:\/\/www.munirauco.cl\/sitio\/wp-json\/wp\/v2\/media?parent=10445"}],"curies":[{"name":"wp","href":"https:\/\/api.w.org\/{rel}","templated":true}]}}