{"id":12446,"date":"2025-03-19T15:55:40","date_gmt":"2025-03-19T18:55:40","guid":{"rendered":"https:\/\/www.munirauco.cl\/sitio\/?page_id=12446"},"modified":"2025-03-31T15:29:45","modified_gmt":"2025-03-31T18:29:45","slug":"departamentos","status":"publish","type":"page","link":"https:\/\/www.munirauco.cl\/sitio\/departamentos\/","title":{"rendered":"Departamentos"},"content":{"rendered":"\t\t<div data-elementor-type=\"wp-page\" data-elementor-id=\"12446\" class=\"elementor elementor-12446\">\n\t\t\t\t\t\t<section class=\"elementor-section elementor-top-section elementor-element elementor-element-ac0e0c3 elementor-section-boxed elementor-section-height-default elementor-section-height-default\" data-id=\"ac0e0c3\" data-element_type=\"section\" data-e-type=\"section\">\n\t\t\t\t\t\t<div class=\"elementor-container elementor-column-gap-default\">\n\t\t\t\t\t<div class=\"elementor-column elementor-col-100 elementor-top-column elementor-element elementor-element-a6470b6\" data-id=\"a6470b6\" data-element_type=\"column\" data-e-type=\"column\">\n\t\t\t<div class=\"elementor-widget-wrap elementor-element-populated\">\n\t\t\t\t\t\t<div class=\"elementor-element elementor-element-04613cc elementor-widget elementor-widget-html\" data-id=\"04613cc\" data-element_type=\"widget\" data-e-type=\"widget\" data-widget_type=\"html.default\">\n\t\t\t\t<div class=\"elementor-widget-container\">\n\t\t\t\t\t<div class=\"municipal-services-grid\">\n\n  <div class=\"service-card\">\n    <a href=\"https:\/\/www.munirauco.cl\/sitio\/oficinas-municipales\/secretaria-municipal\/\">\n      <div class=\"card-icon\">\n        <i class=\"fas fa-building\"><\/i>\n      <\/div>\n      <h3>Alcald\u00eda<\/h3>\n    <\/a>\n  <\/div>\n\n  <div class=\"service-card\">\n    <a href=\"https:\/\/www.munirauco.cl\/sitio\/concejo-municipal-rauco\/\">\n      <div class=\"card-icon\">\n        <i class=\"fas fa-handshake\"><\/i>\n      <\/div>\n      <h3>Concejo Municipal<\/h3>\n    <\/a>\n  <\/div>\n\n  <div class=\"service-card\">\n    <a href=\"https:\/\/www.munirauco.cl\/sitio\/oficinas-municipales\/transito-y-transporte-publico\/\">\n      <div class=\"card-icon\">\n        <i class=\"fas fa-car\"><\/i>\n      <\/div>\n      <h3>Departamento de Tr\u00e1nsito<\/h3>\n    <\/a>\n  <\/div>\n\n  <div class=\"service-card\">\n    <a href=\"https:\/\/www.munirauco.cl\/sitio\/oficinas-municipales\/departamento-social\/\">\n      <div class=\"card-icon\">\n        <i class=\"fas fa-users\"><\/i>\n      <\/div>\n      <h3>Direcci\u00f3n de Desarrollo Comunitario (DIDECO)<\/h3>\n    <\/a>\n  <\/div>\n\n  <div class=\"service-card\">\n    <a href=\"https:\/\/www.munirauco.cl\/sitio\/oficinas-municipales\/direccion-de-finanzas\/\">\n      <div class=\"card-icon\">\n        <i class=\"fas fa-coins\"><\/i>\n      <\/div>\n      <h3>Direcci\u00f3n de Finanzas<\/h3>\n    <\/a>\n  <\/div>\n\n  <div class=\"service-card\">\n    <a href=\"https:\/\/www.munirauco.cl\/sitio\/oficinas-municipales\/departamento-de-salud\/\">\n      <div class=\"card-icon\">\n        <i class=\"fas fa-heartbeat\"><\/i>\n      <\/div>\n      <h3>Direcci\u00f3n Comunal de Salud<\/h3>\n    <\/a>\n  <\/div>\n\n  <div class=\"service-card\">\n    <a href=\"https:\/\/www.munirauco.cl\/sitio\/departamento-de-obras\/\">\n      <div class=\"card-icon\">\n        <i class=\"fas fa-road\"><\/i>\n      <\/div>\n      <h3>Direcci\u00f3n de Obras Municipales<\/h3>\n    <\/a>\n  <\/div>\n\n  <div class=\"service-card\">\n    <a href=\"https:\/\/www.munirauco.cl\/sitio\/oficinas-municipales\/departamento-de-educacion\/\">\n      <div class=\"card-icon\">\n        <i class=\"fas fa-graduation-cap\"><\/i>\n      <\/div>\n      <h3>Direcci\u00f3n Comunal de Educaci\u00f3n<\/h3>\n    <\/a>\n  <\/div>\n\n  <div class=\"service-card\">\n    <a href=\"https:\/\/www.munirauco.cl\/sitio\/oficinas-municipales\/secplan\/\">\n      <div class=\"card-icon\">\n        <i class=\"fas fa-map-marked-alt\"><\/i>\n      <\/div>\n      <h3>Secretaria de Planificaci\u00f3n Comunal (SECPLAN)<\/h3>\n    <\/a>\n  <\/div>\n\n  <div class=\"service-card\">\n    <a href=\"https:\/\/www.munirauco.cl\/sitio\/oficinas-municipales\/unidad-juridica\/\">\n      <div class=\"card-icon\">\n        <i class=\"fas fa-balance-scale\"><\/i>\n      <\/div>\n      <h3>Unidad Jur\u00eddica<\/h3>\n    <\/a>\n  <\/div>\n\n  <div class=\"service-card\">\n    <a href=\"https:\/\/www.munirauco.cl\/sitio\/oficinas-municipales\/juzgado-de-policia-local\/\">\n      <div class=\"card-icon\">\n        <i class=\"fas fa-shield-alt\"><\/i>\n      <\/div>\n      <h3>Juzgado Polic\u00eda Local<\/h3>\n    <\/a>\n  <\/div>\n\n  <div class=\"service-card\">\n    <a href=\"https:\/\/www.munirauco.cl\/sitio\/elementor-11298\/\">\n      <div class=\"card-icon\">\n        <i class=\"fas fa-envelope\"><\/i>\n      <\/div>\n      <h3>Secretaria Municipal<\/h3>\n    <\/a>\n  <\/div>\n\n  <div class=\"service-card\">\n    <a href=\"https:\/\/www.munirauco.cl\/sitio\/servicios-municipales\/\">\n      <div class=\"card-icon\">\n        <i class=\"fas fa-hands-helping\"><\/i>\n      <\/div>\n      <h3>Servicios Populares<\/h3>\n    <\/a>\n  <\/div>\n\n  <div class=\"service-card\">\n    <a href=\"https:\/\/www.munirauco.cl\/sitio\/control-interno\/\">\n      <div class=\"card-icon\">\n        <i class=\"fas fa-check-double\"><\/i>\n      <\/div>\n      <h3>Control Interno<\/h3>\n    <\/a>\n  <\/div>\n\n  <div class=\"service-card\">\n    <a href=\"https:\/\/www.munirauco.cl\/sitio\/Administrador\/\">\n      <div class=\"card-icon\">\n        <i class=\"fas fa-user-tie\"><\/i>\n      <\/div>\n      <h3>Administrador Municipal<\/h3>\n    <\/a>\n  <\/div>\n<\/div>\n\n<style>\n  .municipal-services-grid {\n    display: grid;\n    grid-template-columns: repeat(auto-fit, minmax(200px, 1fr));\n    gap: 20px;\n    padding: 20px;\n  }\n\n  \/* --- Estilos modificados para la tarjeta --- *\/\n  .service-card {\n    background-color: white; \/* Cambiado a blanco *\/\n    border-radius: 8px;\n    \/* box-shadow: 0 2px 5px rgba(0, 0, 0, 0.1); <-- Eliminado *\/\n    overflow: hidden;\n    transition: transform 0.3s ease-in-out;\n    \/* --- A\u00f1adido para el borde con gradiente --- *\/\n    border-style: solid;\n    border-width: 4px; \/* Grosor del borde, ajusta si es necesario *\/\n    border-image-source: linear-gradient(-225deg, #231557 0%, #44107A 29%, #FF1361 67%, #FFF800 100%);\n    border-image-slice: 1;\n    \/* --- Fin de la adici\u00f3n --- *\/\n  }\n  \/* --- Fin de estilos modificados --- *\/\n\n  .service-card:hover {\n    transform: scale(1.05);\n  }\n\n  .service-card a {\n    display: flex;\n    flex-direction: column;\n    align-items: center;\n    justify-content: center;\n    padding: 20px;\n    text-decoration: none;\n    color: #333;\n    height: 100%; \/* Asegura que el enlace ocupe toda la tarjeta *\/\n    box-sizing: border-box; \/* Incluye padding en la altura\/ancho total *\/\n  }\n\n  .card-icon {\n    font-size: 2em; \/* Tama\u00f1o del \u00edcono *\/\n    color: #007bff; \/* Color del \u00edcono, puedes cambiarlo *\/\n    margin-bottom: 10px;\n    text-align: center;\n    line-height: 1; \/* Ajusta el espaciado del \u00edcono si es necesario *\/\n  }\n\n  .service-card h3 {\n    margin-top: 0;\n    margin-bottom: 0;\n    text-align: center;\n    font-size: 1em; \/* Tama\u00f1o del texto *\/\n    font-weight: bold;\n    line-height: 1.2; \/* Espaciado entre l\u00edneas del texto *\/\n  }\n<\/style>\t\t\t\t<\/div>\n\t\t\t\t<\/div>\n\t\t\t\t\t<\/div>\n\t\t<\/div>\n\t\t\t\t\t<\/div>\n\t\t<\/section>\n\t\t\t\t<\/div>\n\t\t","protected":false},"excerpt":{"rendered":"<p>Alcald\u00eda Concejo Municipal Departamento de Tr\u00e1nsito Direcci\u00f3n de Desarrollo Comunitario (DIDECO) Direcci\u00f3n de Finanzas Direcci\u00f3n Comunal de Salud Direcci\u00f3n de Obras Municipales Direcci\u00f3n Comunal de Educaci\u00f3n Secretaria de Planificaci\u00f3n Comunal (SECPLAN) Unidad Jur\u00eddica Juzgado Polic\u00eda Local Secretaria Municipal Servicios Populares Control Interno Administrador Municipal<\/p>\n","protected":false},"author":1,"featured_media":0,"parent":0,"menu_order":0,"comment_status":"closed","ping_status":"closed","template":"","meta":{"site-sidebar-layout":"no-sidebar","site-content-layout":"content-boxed-container","ast-site-content-layout":"","site-content-style":"default","site-sidebar-style":"default","ast-global-header-display":"","ast-banner-title-visibility":"","ast-main-header-display":"","ast-hfb-above-header-display":"","ast-hfb-below-header-display":"","ast-hfb-mobile-header-display":"","site-post-title":"","ast-breadcrumbs-content":"","ast-featured-img":"disabled","footer-sml-layout":"","theme-transparent-header-meta":"","adv-header-id-meta":"","stick-header-meta":"","header-above-stick-meta":"","header-main-stick-meta":"","header-below-stick-meta":"","astra-migrate-meta-layouts":"default","ast-page-background-enabled":"default","ast-page-background-meta":{"desktop":{"background-color":"var(--ast-global-color-4)","background-image":"","background-repeat":"repeat","background-position":"center center","background-size":"auto","background-attachment":"scroll","background-type":"","background-media":"","overlay-type":"","overlay-color":"","overlay-opacity":"","overlay-gradient":""},"tablet":{"background-color":"","background-image":"","background-repeat":"repeat","background-position":"center center","background-size":"auto","background-attachment":"scroll","background-type":"","background-media":"","overlay-type":"","overlay-color":"","overlay-opacity":"","overlay-gradient":""},"mobile":{"background-color":"","background-image":"","background-repeat":"repeat","background-position":"center center","background-size":"auto","background-attachment":"scroll","background-type":"","background-media":"","overlay-type":"","overlay-color":"","overlay-opacity":"","overlay-gradient":""}},"ast-content-background-meta":{"desktop":{"background-color":"var(--ast-global-color-5)","background-image":"","background-repeat":"repeat","background-position":"center center","background-size":"auto","background-attachment":"scroll","background-type":"","background-media":"","overlay-type":"","overlay-color":"","overlay-opacity":"","overlay-gradient":""},"tablet":{"background-color":"var(--ast-global-color-5)","background-image":"","background-repeat":"repeat","background-position":"center center","background-size":"auto","background-attachment":"scroll","background-type":"","background-media":"","overlay-type":"","overlay-color":"","overlay-opacity":"","overlay-gradient":""},"mobile":{"background-color":"var(--ast-global-color-5)","background-image":"","background-repeat":"repeat","background-position":"center center","background-size":"auto","background-attachment":"scroll","background-type":"","background-media":"","overlay-type":"","overlay-color":"","overlay-opacity":"","overlay-gradient":""}},"footnotes":""},"class_list":["post-12446","page","type-page","status-publish","hentry"],"yoast_head":"<!-- This site is optimized with the Yoast SEO plugin v27.5 - https:\/\/yoast.com\/product\/yoast-seo-wordpress\/ -->\n<title>Departamentos -<\/title>\n<meta name=\"robots\" content=\"index, follow, max-snippet:-1, max-image-preview:large, max-video-preview:-1\" \/>\n<link rel=\"canonical\" href=\"https:\/\/www.munirauco.cl\/sitio\/departamentos\/\" \/>\n<meta property=\"og:locale\" content=\"es_ES\" \/>\n<meta property=\"og:type\" content=\"article\" \/>\n<meta property=\"og:title\" content=\"Departamentos -\" \/>\n<meta property=\"og:description\" content=\"Alcald\u00eda Concejo Municipal Departamento de Tr\u00e1nsito Direcci\u00f3n de Desarrollo Comunitario (DIDECO) Direcci\u00f3n de Finanzas Direcci\u00f3n Comunal de Salud Direcci\u00f3n de Obras Municipales Direcci\u00f3n Comunal de Educaci\u00f3n Secretaria de Planificaci\u00f3n Comunal (SECPLAN) Unidad Jur\u00eddica Juzgado Polic\u00eda Local Secretaria Municipal Servicios Populares Control Interno Administrador Municipal\" \/>\n<meta property=\"og:url\" content=\"https:\/\/www.munirauco.cl\/sitio\/departamentos\/\" \/>\n<meta property=\"article:publisher\" content=\"https:\/\/www.facebook.com\/munirauco\" \/>\n<meta property=\"article:modified_time\" content=\"2025-03-31T18:29:45+00:00\" \/>\n<meta name=\"twitter:card\" content=\"summary_large_image\" \/>\n<meta name=\"twitter:label1\" content=\"Tiempo estimado de lectura\" \/>\n\t<meta name=\"twitter:data1\" content=\"1 minuto\" \/>\n<script type=\"application\/ld+json\" class=\"yoast-schema-graph\">{\"@context\":\"https:\\\/\\\/schema.org\",\"@graph\":[{\"@type\":\"WebPage\",\"@id\":\"https:\\\/\\\/www.munirauco.cl\\\/sitio\\\/departamentos\\\/\",\"url\":\"https:\\\/\\\/www.munirauco.cl\\\/sitio\\\/departamentos\\\/\",\"name\":\"Departamentos -\",\"isPartOf\":{\"@id\":\"https:\\\/\\\/www.munirauco.cl\\\/sitio\\\/#website\"},\"datePublished\":\"2025-03-19T18:55:40+00:00\",\"dateModified\":\"2025-03-31T18:29:45+00:00\",\"breadcrumb\":{\"@id\":\"https:\\\/\\\/www.munirauco.cl\\\/sitio\\\/departamentos\\\/#breadcrumb\"},\"inLanguage\":\"es-CL\",\"potentialAction\":[{\"@type\":\"ReadAction\",\"target\":[\"https:\\\/\\\/www.munirauco.cl\\\/sitio\\\/departamentos\\\/\"]}]},{\"@type\":\"BreadcrumbList\",\"@id\":\"https:\\\/\\\/www.munirauco.cl\\\/sitio\\\/departamentos\\\/#breadcrumb\",\"itemListElement\":[{\"@type\":\"ListItem\",\"position\":1,\"name\":\"Portada\",\"item\":\"https:\\\/\\\/www.munirauco.cl\\\/sitio\\\/\"},{\"@type\":\"ListItem\",\"position\":2,\"name\":\"Departamentos\"}]},{\"@type\":\"WebSite\",\"@id\":\"https:\\\/\\\/www.munirauco.cl\\\/sitio\\\/#website\",\"url\":\"https:\\\/\\\/www.munirauco.cl\\\/sitio\\\/\",\"name\":\"Ilustre Municipalidad de Rauco\",\"description\":\"P\u00e1gina dedicada a prestar informaci\u00f3n y ayuda a la comunidad de Rauco.\",\"publisher\":{\"@id\":\"https:\\\/\\\/www.munirauco.cl\\\/sitio\\\/#organization\"},\"potentialAction\":[{\"@type\":\"SearchAction\",\"target\":{\"@type\":\"EntryPoint\",\"urlTemplate\":\"https:\\\/\\\/www.munirauco.cl\\\/sitio\\\/?s={search_term_string}\"},\"query-input\":{\"@type\":\"PropertyValueSpecification\",\"valueRequired\":true,\"valueName\":\"search_term_string\"}}],\"inLanguage\":\"es-CL\"},{\"@type\":\"Organization\",\"@id\":\"https:\\\/\\\/www.munirauco.cl\\\/sitio\\\/#organization\",\"name\":\"Ilustre Municipalidad de Rauco\",\"url\":\"https:\\\/\\\/www.munirauco.cl\\\/sitio\\\/\",\"logo\":{\"@type\":\"ImageObject\",\"inLanguage\":\"es-CL\",\"@id\":\"https:\\\/\\\/www.munirauco.cl\\\/sitio\\\/#\\\/schema\\\/logo\\\/image\\\/\",\"url\":\"https:\\\/\\\/www.munirauco.cl\\\/sitio\\\/wp-content\\\/uploads\\\/2021\\\/03\\\/logoRauco-t.png\",\"contentUrl\":\"https:\\\/\\\/www.munirauco.cl\\\/sitio\\\/wp-content\\\/uploads\\\/2021\\\/03\\\/logoRauco-t.png\",\"width\":1920,\"height\":1080,\"caption\":\"Ilustre Municipalidad de Rauco\"},\"image\":{\"@id\":\"https:\\\/\\\/www.munirauco.cl\\\/sitio\\\/#\\\/schema\\\/logo\\\/image\\\/\"},\"sameAs\":[\"https:\\\/\\\/www.facebook.com\\\/munirauco\",\"https:\\\/\\\/www.instagram.com\\\/raucoavanza\\\/\"]}]}<\/script>\n<!-- \/ Yoast SEO plugin. -->","yoast_head_json":{"title":"Departamentos -","robots":{"index":"index","follow":"follow","max-snippet":"max-snippet:-1","max-image-preview":"max-image-preview:large","max-video-preview":"max-video-preview:-1"},"canonical":"https:\/\/www.munirauco.cl\/sitio\/departamentos\/","og_locale":"es_ES","og_type":"article","og_title":"Departamentos -","og_description":"Alcald\u00eda Concejo Municipal Departamento de Tr\u00e1nsito Direcci\u00f3n de Desarrollo Comunitario (DIDECO) Direcci\u00f3n de Finanzas Direcci\u00f3n Comunal de Salud Direcci\u00f3n de Obras Municipales Direcci\u00f3n Comunal de Educaci\u00f3n Secretaria de Planificaci\u00f3n Comunal (SECPLAN) Unidad Jur\u00eddica Juzgado Polic\u00eda Local Secretaria Municipal Servicios Populares Control Interno Administrador Municipal","og_url":"https:\/\/www.munirauco.cl\/sitio\/departamentos\/","article_publisher":"https:\/\/www.facebook.com\/munirauco","article_modified_time":"2025-03-31T18:29:45+00:00","twitter_card":"summary_large_image","twitter_misc":{"Tiempo estimado de lectura":"1 minuto"},"schema":{"@context":"https:\/\/schema.org","@graph":[{"@type":"WebPage","@id":"https:\/\/www.munirauco.cl\/sitio\/departamentos\/","url":"https:\/\/www.munirauco.cl\/sitio\/departamentos\/","name":"Departamentos -","isPartOf":{"@id":"https:\/\/www.munirauco.cl\/sitio\/#website"},"datePublished":"2025-03-19T18:55:40+00:00","dateModified":"2025-03-31T18:29:45+00:00","breadcrumb":{"@id":"https:\/\/www.munirauco.cl\/sitio\/departamentos\/#breadcrumb"},"inLanguage":"es-CL","potentialAction":[{"@type":"ReadAction","target":["https:\/\/www.munirauco.cl\/sitio\/departamentos\/"]}]},{"@type":"BreadcrumbList","@id":"https:\/\/www.munirauco.cl\/sitio\/departamentos\/#breadcrumb","itemListElement":[{"@type":"ListItem","position":1,"name":"Portada","item":"https:\/\/www.munirauco.cl\/sitio\/"},{"@type":"ListItem","position":2,"name":"Departamentos"}]},{"@type":"WebSite","@id":"https:\/\/www.munirauco.cl\/sitio\/#website","url":"https:\/\/www.munirauco.cl\/sitio\/","name":"Ilustre Municipalidad de Rauco","description":"P\u00e1gina dedicada a prestar informaci\u00f3n y ayuda a la comunidad de Rauco.","publisher":{"@id":"https:\/\/www.munirauco.cl\/sitio\/#organization"},"potentialAction":[{"@type":"SearchAction","target":{"@type":"EntryPoint","urlTemplate":"https:\/\/www.munirauco.cl\/sitio\/?s={search_term_string}"},"query-input":{"@type":"PropertyValueSpecification","valueRequired":true,"valueName":"search_term_string"}}],"inLanguage":"es-CL"},{"@type":"Organization","@id":"https:\/\/www.munirauco.cl\/sitio\/#organization","name":"Ilustre Municipalidad de Rauco","url":"https:\/\/www.munirauco.cl\/sitio\/","logo":{"@type":"ImageObject","inLanguage":"es-CL","@id":"https:\/\/www.munirauco.cl\/sitio\/#\/schema\/logo\/image\/","url":"https:\/\/www.munirauco.cl\/sitio\/wp-content\/uploads\/2021\/03\/logoRauco-t.png","contentUrl":"https:\/\/www.munirauco.cl\/sitio\/wp-content\/uploads\/2021\/03\/logoRauco-t.png","width":1920,"height":1080,"caption":"Ilustre Municipalidad de Rauco"},"image":{"@id":"https:\/\/www.munirauco.cl\/sitio\/#\/schema\/logo\/image\/"},"sameAs":["https:\/\/www.facebook.com\/munirauco","https:\/\/www.instagram.com\/raucoavanza\/"]}]}},"_links":{"self":[{"href":"https:\/\/www.munirauco.cl\/sitio\/wp-json\/wp\/v2\/pages\/12446","targetHints":{"allow":["GET"]}}],"collection":[{"href":"https:\/\/www.munirauco.cl\/sitio\/wp-json\/wp\/v2\/pages"}],"about":[{"href":"https:\/\/www.munirauco.cl\/sitio\/wp-json\/wp\/v2\/types\/page"}],"author":[{"embeddable":true,"href":"https:\/\/www.munirauco.cl\/sitio\/wp-json\/wp\/v2\/users\/1"}],"replies":[{"embeddable":true,"href":"https:\/\/www.munirauco.cl\/sitio\/wp-json\/wp\/v2\/comments?post=12446"}],"version-history":[{"count":6,"href":"https:\/\/www.munirauco.cl\/sitio\/wp-json\/wp\/v2\/pages\/12446\/revisions"}],"predecessor-version":[{"id":12703,"href":"https:\/\/www.munirauco.cl\/sitio\/wp-json\/wp\/v2\/pages\/12446\/revisions\/12703"}],"wp:attachment":[{"href":"https:\/\/www.munirauco.cl\/sitio\/wp-json\/wp\/v2\/media?parent=12446"}],"curies":[{"name":"wp","href":"https:\/\/api.w.org\/{rel}","templated":true}]}}