{"id":2953,"date":"2015-03-24T12:31:47","date_gmt":"2015-03-24T12:31:47","guid":{"rendered":"http:\/\/municipalidadrauco.cl\/web\/?page_id=2953"},"modified":"2015-03-24T12:31:47","modified_gmt":"2015-03-24T12:31:47","slug":"guia-de-tramites","status":"publish","type":"page","link":"https:\/\/www.munirauco.cl\/sitio\/guia-de-tramites\/","title":{"rendered":"Gu\u00eda de Tr\u00e1mites"},"content":{"rendered":"<p>[vc_row][vc_column width=&#8221;1\/1&#8243;][vc_column_text]Presentamos a continuaci\u00f3n una gu\u00eda de tramites m\u00e1s comunes que se realizan en el municipio.[\/vc_column_text][vc_separator color=&#8221;grey&#8221;][\/vc_column][\/vc_row][vc_row][vc_column width=&#8221;1\/2&#8243;][vc_single_image border_color=&#8221;grey&#8221; img_link_target=&#8221;_self&#8221; image=&#8221;3307&#8243; img_size=&#8221;360 \u00d7 320&#8243; link=&#8221;http:\/\/munirauco.cl\/web\/guia-de-tramites\/tramites-en-la-direccion-de-obras\/&#8221;][\/vc_column][vc_column width=&#8221;1\/2&#8243;][vc_column_text]<\/p>\n<h4 style=\"text-align: justify;\"><strong>Tr\u00e1mites en la Direcci\u00f3n de Obras Municipales (DOM)<\/strong><\/h4>\n<p style=\"text-align: justify;\">La Direcci\u00f3n de Obras tiene como objetivo velar por el cumplimiento de la Ley General de Urbanismo y Construcciones y su respectiva Ordenanza, del Plan Regulador Comunal y de las Ordenanzas correspondientes y de las disposiciones legales y reglamentarias que regulen las construcciones y las obras de urbanizaci\u00f3n que se ejecuten en el territorio comunal.<\/p>\n<p>[\/vc_column_text][\/vc_column][\/vc_row][vc_row][vc_column width=&#8221;1\/2&#8243;][vc_single_image border_color=&#8221;grey&#8221; img_link_target=&#8221;_self&#8221; image=&#8221;3309&#8243; img_size=&#8221;360 \u00d7 320&#8243; link=&#8221;http:\/\/munirauco.cl\/web\/guia-de-tramites\/tramites-en-transito\/&#8221;][\/vc_column][vc_column width=&#8221;1\/2&#8243;][vc_column_text]<\/p>\n<h4 style=\"text-align: justify;\"><strong>Transito y Transporte P\u00fablico<\/strong><\/h4>\n<p style=\"text-align: justify;\">Determinar el sentido de circulaci\u00f3n de veh\u00edculos, en coordinaci\u00f3n con los organismos de la Administraci\u00f3n del Estado competente.\u00a0Se\u00f1alizar adecuadamente las v\u00edas p\u00fablicas y aplicar las normas generales sobre tr\u00e1nsito y transporte p\u00fablico en la Comuna. De la misma forma, otorgar y renovar licencias de conducir veh\u00edculos y permisos de circulaci\u00f3n.<\/p>\n<p>[\/vc_column_text][\/vc_column][\/vc_row][vc_row][vc_column width=&#8221;1\/2&#8243;][vc_single_image border_color=&#8221;grey&#8221; img_link_target=&#8221;_self&#8221; image=&#8221;3296&#8243; img_size=&#8221;360 \u00d7 320&#8243; link=&#8221;http:\/\/munirauco.cl\/web\/guia-de-tramites\/tramites-en-patentes-comerciales\/&#8221;][\/vc_column][vc_column width=&#8221;1\/2&#8243;][vc_column_text]<\/p>\n<h4 style=\"text-align: justify;\"><strong>Departamento de Rentas y Patentes Comerciales<\/strong><\/h4>\n<p style=\"text-align: justify;\">Este Departamento tiene como funci\u00f3n recibir, tramitar, otorgar y modificar, anular y caducar las patentes Municipales de la comuna y autorizaciones de funcionamiento. El marco jur\u00eddico-institucional sobre el tema se contempla en la Ley 3.063 de Rentas Municipales, art\u00edculos 23\u00b0 a 34\u00b0 en lo que concierne a Patentes Comerciales y Profesionales; Ley 19.749 en lo que concierne a Microempresas Familiares. Por otro lado, la Ley 19.925 sobre Expendio y Consumo de Bebidas Alcoh\u00f3licas establece los lineamientos para las Patentes de Alcohol en la comuna.<\/p>\n<p>[\/vc_column_text][vc_button2 title=&#8221;Entrar&#8221; style=&#8221;rounded&#8221; color=&#8221;orange&#8221; size=&#8221;md&#8221;][\/vc_column][\/vc_row]<\/p>\n","protected":false},"excerpt":{"rendered":"<p>[vc_row][vc_column width=&#8221;1\/1&#8243;][vc_column_text]Presentamos a continuaci\u00f3n una gu\u00eda de tramites m\u00e1s comunes que se realizan en el municipio.[\/vc_column_text][vc_separator color=&#8221;grey&#8221;][\/vc_column][\/vc_row][vc_row][vc_column width=&#8221;1\/2&#8243;][vc_single_image border_color=&#8221;grey&#8221; img_link_target=&#8221;_self&#8221; image=&#8221;3307&#8243; img_size=&#8221;360 \u00d7 320&#8243; link=&#8221;http:\/\/munirauco.cl\/web\/guia-de-tramites\/tramites-en-la-direccion-de-obras\/&#8221;][\/vc_column][vc_column width=&#8221;1\/2&#8243;][vc_column_text] Tr\u00e1mites en la Direcci\u00f3n de Obras Municipales (DOM) La Direcci\u00f3n de Obras tiene como objetivo velar por el cumplimiento de la Ley General de Urbanismo y Construcciones y su [&hellip;]<\/p>\n","protected":false},"author":1,"featured_media":0,"parent":0,"menu_order":0,"comment_status":"closed","ping_status":"open","template":"","meta":{"site-sidebar-layout":"default","site-content-layout":"","ast-site-content-layout":"","site-content-style":"default","site-sidebar-style":"default","ast-global-header-display":"","ast-banner-title-visibility":"","ast-main-header-display":"","ast-hfb-above-header-display":"","ast-hfb-below-header-display":"","ast-hfb-mobile-header-display":"","site-post-title":"","ast-breadcrumbs-content":"","ast-featured-img":"","footer-sml-layout":"","theme-transparent-header-meta":"","adv-header-id-meta":"","stick-header-meta":"","header-above-stick-meta":"","header-main-stick-meta":"","header-below-stick-meta":"","astra-migrate-meta-layouts":"default","ast-page-background-enabled":"default","ast-page-background-meta":{"desktop":{"background-color":"var(--ast-global-color-4)","background-image":"","background-repeat":"repeat","background-position":"center center","background-size":"auto","background-attachment":"scroll","background-type":"","background-media":"","overlay-type":"","overlay-color":"","overlay-opacity":"","overlay-gradient":""},"tablet":{"background-color":"","background-image":"","background-repeat":"repeat","background-position":"center center","background-size":"auto","background-attachment":"scroll","background-type":"","background-media":"","overlay-type":"","overlay-color":"","overlay-opacity":"","overlay-gradient":""},"mobile":{"background-color":"","background-image":"","background-repeat":"repeat","background-position":"center center","background-size":"auto","background-attachment":"scroll","background-type":"","background-media":"","overlay-type":"","overlay-color":"","overlay-opacity":"","overlay-gradient":""}},"ast-content-background-meta":{"desktop":{"background-color":"var(--ast-global-color-5)","background-image":"","background-repeat":"repeat","background-position":"center center","background-size":"auto","background-attachment":"scroll","background-type":"","background-media":"","overlay-type":"","overlay-color":"","overlay-opacity":"","overlay-gradient":""},"tablet":{"background-color":"var(--ast-global-color-5)","background-image":"","background-repeat":"repeat","background-position":"center center","background-size":"auto","background-attachment":"scroll","background-type":"","background-media":"","overlay-type":"","overlay-color":"","overlay-opacity":"","overlay-gradient":""},"mobile":{"background-color":"var(--ast-global-color-5)","background-image":"","background-repeat":"repeat","background-position":"center center","background-size":"auto","background-attachment":"scroll","background-type":"","background-media":"","overlay-type":"","overlay-color":"","overlay-opacity":"","overlay-gradient":""}},"footnotes":""},"class_list":["post-2953","page","type-page","status-publish","hentry"],"yoast_head":"<!-- This site is optimized with the Yoast SEO plugin v27.5 - https:\/\/yoast.com\/product\/yoast-seo-wordpress\/ -->\n<title>Gu\u00eda de Tr\u00e1mites -<\/title>\n<meta name=\"robots\" content=\"index, follow, max-snippet:-1, max-image-preview:large, max-video-preview:-1\" \/>\n<link rel=\"canonical\" href=\"https:\/\/www.munirauco.cl\/sitio\/guia-de-tramites\/\" \/>\n<meta property=\"og:locale\" content=\"es_ES\" \/>\n<meta property=\"og:type\" content=\"article\" \/>\n<meta property=\"og:title\" content=\"Gu\u00eda de Tr\u00e1mites -\" \/>\n<meta property=\"og:description\" content=\"[vc_row][vc_column width=&#8221;1\/1&#8243;][vc_column_text]Presentamos a continuaci\u00f3n una gu\u00eda de tramites m\u00e1s comunes que se realizan en el municipio.[\/vc_column_text][vc_separator color=&#8221;grey&#8221;][\/vc_column][\/vc_row][vc_row][vc_column width=&#8221;1\/2&#8243;][vc_single_image border_color=&#8221;grey&#8221; img_link_target=&#8221;_self&#8221; image=&#8221;3307&#8243; img_size=&#8221;360 \u00d7 320&#8243; link=&#8221;http:\/\/munirauco.cl\/web\/guia-de-tramites\/tramites-en-la-direccion-de-obras\/&#8221;][\/vc_column][vc_column width=&#8221;1\/2&#8243;][vc_column_text] Tr\u00e1mites en la Direcci\u00f3n de Obras Municipales (DOM) La Direcci\u00f3n de Obras tiene como objetivo velar por el cumplimiento de la Ley General de Urbanismo y Construcciones y su [&hellip;]\" \/>\n<meta property=\"og:url\" content=\"https:\/\/www.munirauco.cl\/sitio\/guia-de-tramites\/\" \/>\n<meta property=\"article:publisher\" content=\"https:\/\/www.facebook.com\/munirauco\" \/>\n<meta name=\"twitter:card\" content=\"summary_large_image\" \/>\n<meta name=\"twitter:label1\" content=\"Tiempo estimado de lectura\" \/>\n\t<meta name=\"twitter:data1\" content=\"2 minutos\" \/>\n<script type=\"application\/ld+json\" class=\"yoast-schema-graph\">{\"@context\":\"https:\\\/\\\/schema.org\",\"@graph\":[{\"@type\":\"WebPage\",\"@id\":\"https:\\\/\\\/www.munirauco.cl\\\/sitio\\\/guia-de-tramites\\\/\",\"url\":\"https:\\\/\\\/www.munirauco.cl\\\/sitio\\\/guia-de-tramites\\\/\",\"name\":\"Gu\u00eda de Tr\u00e1mites -\",\"isPartOf\":{\"@id\":\"https:\\\/\\\/www.munirauco.cl\\\/sitio\\\/#website\"},\"datePublished\":\"2015-03-24T12:31:47+00:00\",\"breadcrumb\":{\"@id\":\"https:\\\/\\\/www.munirauco.cl\\\/sitio\\\/guia-de-tramites\\\/#breadcrumb\"},\"inLanguage\":\"es-CL\",\"potentialAction\":[{\"@type\":\"ReadAction\",\"target\":[\"https:\\\/\\\/www.munirauco.cl\\\/sitio\\\/guia-de-tramites\\\/\"]}]},{\"@type\":\"BreadcrumbList\",\"@id\":\"https:\\\/\\\/www.munirauco.cl\\\/sitio\\\/guia-de-tramites\\\/#breadcrumb\",\"itemListElement\":[{\"@type\":\"ListItem\",\"position\":1,\"name\":\"Portada\",\"item\":\"https:\\\/\\\/www.munirauco.cl\\\/sitio\\\/\"},{\"@type\":\"ListItem\",\"position\":2,\"name\":\"Gu\u00eda de Tr\u00e1mites\"}]},{\"@type\":\"WebSite\",\"@id\":\"https:\\\/\\\/www.munirauco.cl\\\/sitio\\\/#website\",\"url\":\"https:\\\/\\\/www.munirauco.cl\\\/sitio\\\/\",\"name\":\"Ilustre Municipalidad de Rauco\",\"description\":\"P\u00e1gina dedicada a prestar informaci\u00f3n y ayuda a la comunidad de Rauco.\",\"publisher\":{\"@id\":\"https:\\\/\\\/www.munirauco.cl\\\/sitio\\\/#organization\"},\"potentialAction\":[{\"@type\":\"SearchAction\",\"target\":{\"@type\":\"EntryPoint\",\"urlTemplate\":\"https:\\\/\\\/www.munirauco.cl\\\/sitio\\\/?s={search_term_string}\"},\"query-input\":{\"@type\":\"PropertyValueSpecification\",\"valueRequired\":true,\"valueName\":\"search_term_string\"}}],\"inLanguage\":\"es-CL\"},{\"@type\":\"Organization\",\"@id\":\"https:\\\/\\\/www.munirauco.cl\\\/sitio\\\/#organization\",\"name\":\"Ilustre Municipalidad de Rauco\",\"url\":\"https:\\\/\\\/www.munirauco.cl\\\/sitio\\\/\",\"logo\":{\"@type\":\"ImageObject\",\"inLanguage\":\"es-CL\",\"@id\":\"https:\\\/\\\/www.munirauco.cl\\\/sitio\\\/#\\\/schema\\\/logo\\\/image\\\/\",\"url\":\"https:\\\/\\\/www.munirauco.cl\\\/sitio\\\/wp-content\\\/uploads\\\/2021\\\/03\\\/logoRauco-t.png\",\"contentUrl\":\"https:\\\/\\\/www.munirauco.cl\\\/sitio\\\/wp-content\\\/uploads\\\/2021\\\/03\\\/logoRauco-t.png\",\"width\":1920,\"height\":1080,\"caption\":\"Ilustre Municipalidad de Rauco\"},\"image\":{\"@id\":\"https:\\\/\\\/www.munirauco.cl\\\/sitio\\\/#\\\/schema\\\/logo\\\/image\\\/\"},\"sameAs\":[\"https:\\\/\\\/www.facebook.com\\\/munirauco\",\"https:\\\/\\\/www.instagram.com\\\/raucoavanza\\\/\"]}]}<\/script>\n<!-- \/ Yoast SEO plugin. -->","yoast_head_json":{"title":"Gu\u00eda de Tr\u00e1mites -","robots":{"index":"index","follow":"follow","max-snippet":"max-snippet:-1","max-image-preview":"max-image-preview:large","max-video-preview":"max-video-preview:-1"},"canonical":"https:\/\/www.munirauco.cl\/sitio\/guia-de-tramites\/","og_locale":"es_ES","og_type":"article","og_title":"Gu\u00eda de Tr\u00e1mites -","og_description":"[vc_row][vc_column width=&#8221;1\/1&#8243;][vc_column_text]Presentamos a continuaci\u00f3n una gu\u00eda de tramites m\u00e1s comunes que se realizan en el municipio.[\/vc_column_text][vc_separator color=&#8221;grey&#8221;][\/vc_column][\/vc_row][vc_row][vc_column width=&#8221;1\/2&#8243;][vc_single_image border_color=&#8221;grey&#8221; img_link_target=&#8221;_self&#8221; image=&#8221;3307&#8243; img_size=&#8221;360 \u00d7 320&#8243; link=&#8221;http:\/\/munirauco.cl\/web\/guia-de-tramites\/tramites-en-la-direccion-de-obras\/&#8221;][\/vc_column][vc_column width=&#8221;1\/2&#8243;][vc_column_text] Tr\u00e1mites en la Direcci\u00f3n de Obras Municipales (DOM) La Direcci\u00f3n de Obras tiene como objetivo velar por el cumplimiento de la Ley General de Urbanismo y Construcciones y su [&hellip;]","og_url":"https:\/\/www.munirauco.cl\/sitio\/guia-de-tramites\/","article_publisher":"https:\/\/www.facebook.com\/munirauco","twitter_card":"summary_large_image","twitter_misc":{"Tiempo estimado de lectura":"2 minutos"},"schema":{"@context":"https:\/\/schema.org","@graph":[{"@type":"WebPage","@id":"https:\/\/www.munirauco.cl\/sitio\/guia-de-tramites\/","url":"https:\/\/www.munirauco.cl\/sitio\/guia-de-tramites\/","name":"Gu\u00eda de Tr\u00e1mites -","isPartOf":{"@id":"https:\/\/www.munirauco.cl\/sitio\/#website"},"datePublished":"2015-03-24T12:31:47+00:00","breadcrumb":{"@id":"https:\/\/www.munirauco.cl\/sitio\/guia-de-tramites\/#breadcrumb"},"inLanguage":"es-CL","potentialAction":[{"@type":"ReadAction","target":["https:\/\/www.munirauco.cl\/sitio\/guia-de-tramites\/"]}]},{"@type":"BreadcrumbList","@id":"https:\/\/www.munirauco.cl\/sitio\/guia-de-tramites\/#breadcrumb","itemListElement":[{"@type":"ListItem","position":1,"name":"Portada","item":"https:\/\/www.munirauco.cl\/sitio\/"},{"@type":"ListItem","position":2,"name":"Gu\u00eda de Tr\u00e1mites"}]},{"@type":"WebSite","@id":"https:\/\/www.munirauco.cl\/sitio\/#website","url":"https:\/\/www.munirauco.cl\/sitio\/","name":"Ilustre Municipalidad de Rauco","description":"P\u00e1gina dedicada a prestar informaci\u00f3n y ayuda a la comunidad de Rauco.","publisher":{"@id":"https:\/\/www.munirauco.cl\/sitio\/#organization"},"potentialAction":[{"@type":"SearchAction","target":{"@type":"EntryPoint","urlTemplate":"https:\/\/www.munirauco.cl\/sitio\/?s={search_term_string}"},"query-input":{"@type":"PropertyValueSpecification","valueRequired":true,"valueName":"search_term_string"}}],"inLanguage":"es-CL"},{"@type":"Organization","@id":"https:\/\/www.munirauco.cl\/sitio\/#organization","name":"Ilustre Municipalidad de Rauco","url":"https:\/\/www.munirauco.cl\/sitio\/","logo":{"@type":"ImageObject","inLanguage":"es-CL","@id":"https:\/\/www.munirauco.cl\/sitio\/#\/schema\/logo\/image\/","url":"https:\/\/www.munirauco.cl\/sitio\/wp-content\/uploads\/2021\/03\/logoRauco-t.png","contentUrl":"https:\/\/www.munirauco.cl\/sitio\/wp-content\/uploads\/2021\/03\/logoRauco-t.png","width":1920,"height":1080,"caption":"Ilustre Municipalidad de Rauco"},"image":{"@id":"https:\/\/www.munirauco.cl\/sitio\/#\/schema\/logo\/image\/"},"sameAs":["https:\/\/www.facebook.com\/munirauco","https:\/\/www.instagram.com\/raucoavanza\/"]}]}},"_links":{"self":[{"href":"https:\/\/www.munirauco.cl\/sitio\/wp-json\/wp\/v2\/pages\/2953","targetHints":{"allow":["GET"]}}],"collection":[{"href":"https:\/\/www.munirauco.cl\/sitio\/wp-json\/wp\/v2\/pages"}],"about":[{"href":"https:\/\/www.munirauco.cl\/sitio\/wp-json\/wp\/v2\/types\/page"}],"author":[{"embeddable":true,"href":"https:\/\/www.munirauco.cl\/sitio\/wp-json\/wp\/v2\/users\/1"}],"replies":[{"embeddable":true,"href":"https:\/\/www.munirauco.cl\/sitio\/wp-json\/wp\/v2\/comments?post=2953"}],"version-history":[{"count":0,"href":"https:\/\/www.munirauco.cl\/sitio\/wp-json\/wp\/v2\/pages\/2953\/revisions"}],"wp:attachment":[{"href":"https:\/\/www.munirauco.cl\/sitio\/wp-json\/wp\/v2\/media?parent=2953"}],"curies":[{"name":"wp","href":"https:\/\/api.w.org\/{rel}","templated":true}]}}