{"id":3364,"date":"2015-04-27T02:52:08","date_gmt":"2015-04-27T02:52:08","guid":{"rendered":"http:\/\/municipalidadrauco.cl\/web\/?page_id=3364"},"modified":"2025-05-05T17:21:55","modified_gmt":"2025-05-05T20:21:55","slug":"juzgado-de-policia-local","status":"publish","type":"page","link":"https:\/\/www.munirauco.cl\/sitio\/oficinas-municipales\/juzgado-de-policia-local\/","title":{"rendered":"Juzgado-de-polic\u00eda-local"},"content":{"rendered":"\t\t<div data-elementor-type=\"wp-page\" data-elementor-id=\"3364\" class=\"elementor elementor-3364\">\n\t\t\t\t\t\t<section class=\"elementor-section elementor-top-section elementor-element elementor-element-fce9129 elementor-section-boxed elementor-section-height-default elementor-section-height-default\" data-id=\"fce9129\" data-element_type=\"section\" data-e-type=\"section\">\n\t\t\t\t\t\t<div class=\"elementor-container elementor-column-gap-default\">\n\t\t\t\t\t<div class=\"elementor-column elementor-col-100 elementor-top-column elementor-element elementor-element-305a3d4\" data-id=\"305a3d4\" data-element_type=\"column\" data-e-type=\"column\">\n\t\t\t<div class=\"elementor-widget-wrap elementor-element-populated\">\n\t\t\t\t\t\t<div class=\"elementor-element elementor-element-a9e61b8 elementor-widget elementor-widget-heading\" data-id=\"a9e61b8\" data-element_type=\"widget\" data-e-type=\"widget\" data-widget_type=\"heading.default\">\n\t\t\t\t<div class=\"elementor-widget-container\">\n\t\t\t\t\t<h2 class=\"elementor-heading-title elementor-size-default\">Juzgado de polic\u00eda local<\/h2>\t\t\t\t<\/div>\n\t\t\t\t<\/div>\n\t\t\t\t\t<\/div>\n\t\t<\/div>\n\t\t\t\t\t<\/div>\n\t\t<\/section>\n\t\t\t\t<section class=\"elementor-section elementor-top-section elementor-element elementor-element-3b95f6f elementor-section-boxed elementor-section-height-default elementor-section-height-default\" data-id=\"3b95f6f\" data-element_type=\"section\" data-e-type=\"section\">\n\t\t\t\t\t\t<div class=\"elementor-container elementor-column-gap-default\">\n\t\t\t\t\t<div class=\"elementor-column elementor-col-100 elementor-top-column elementor-element elementor-element-e6462f5\" data-id=\"e6462f5\" data-element_type=\"column\" data-e-type=\"column\">\n\t\t\t<div class=\"elementor-widget-wrap elementor-element-populated\">\n\t\t\t\t\t\t<div class=\"elementor-element elementor-element-3992d3e elementor-widget elementor-widget-spacer\" data-id=\"3992d3e\" data-element_type=\"widget\" data-e-type=\"widget\" data-widget_type=\"spacer.default\">\n\t\t\t\t<div class=\"elementor-widget-container\">\n\t\t\t\t\t\t\t<div class=\"elementor-spacer\">\n\t\t\t<div class=\"elementor-spacer-inner\"><\/div>\n\t\t<\/div>\n\t\t\t\t\t\t<\/div>\n\t\t\t\t<\/div>\n\t\t\t\t\t<\/div>\n\t\t<\/div>\n\t\t\t\t\t<\/div>\n\t\t<\/section>\n\t\t\t\t<section class=\"elementor-section elementor-top-section elementor-element elementor-element-14dc3a4d elementor-section-boxed elementor-section-height-default elementor-section-height-default\" data-id=\"14dc3a4d\" data-element_type=\"section\" data-e-type=\"section\">\n\t\t\t\t\t\t<div class=\"elementor-container elementor-column-gap-default\">\n\t\t\t\t\t<div class=\"elementor-column elementor-col-100 elementor-top-column elementor-element elementor-element-79ec1b44\" data-id=\"79ec1b44\" data-element_type=\"column\" data-e-type=\"column\">\n\t\t\t<div class=\"elementor-widget-wrap elementor-element-populated\">\n\t\t\t\t\t\t<div class=\"elementor-element elementor-element-20fc791e elementor-widget elementor-widget-text-editor\" data-id=\"20fc791e\" data-element_type=\"widget\" data-e-type=\"widget\" data-widget_type=\"text-editor.default\">\n\t\t\t\t<div class=\"elementor-widget-container\">\n\t\t\t\t\t\t\t\t\t<p>\u00a0 \u00a0El Juzgado de Polic\u00eda Local es un \u00f3rgano jurisdiccional al cual le competen todas aquellas materias a que se refiere la Ley 15.231.La funci\u00f3n del Juzgado es administrar Justicia dentro de la comuna, en todas las materias en que la ley le ha dado competencia.<\/p><p>Algunas de estas materias son:\u00b7\u00a0<\/p><p>\u00b7 Infracciones a la ley de Tr\u00e1nsito (18.290)<\/p><p>\u00b7 Infracciones a la ley del Consumidor (19.496)<br \/>\u00b7 Infracciones a la Ley de Votaciones y Escrutinios (18.700)<br \/>\u00b7 Infracciones a las Ordenanzas Municipales<br \/>\u00b7 Infracciones a la Ley de Rentas Municipales<br \/>\u00b7 Infracciones a la Ley de Urbanismo y Construcciones<br \/>\u00b7 Infracciones a la Ley de Co- Propiedad<br \/>\u00b7 Infracciones a la Ley de Vigilancia Privada<br \/>\u00b7 Infracciones a Ley de Bosques, Pesca<br \/>\u00b7 Ley de Alcoholes N\u00ba 19.925<br \/>\u00b7 Infracci\u00f3n a la Ley de Tabaco (19.419)<br \/>\u00b7 Otras<\/p><p>Horario de atenci\u00f3n en Secretar\u00eda: Lunes a Viernes de 09:00 a 13:00 hrs.<br \/>Horario de atenci\u00f3n audiencias: Martes, Mi\u00e9rcoles y Jueves de 09:00 a 12:00 hrs.<\/p>\t\t\t\t\t\t\t\t<\/div>\n\t\t\t\t<\/div>\n\t\t\t\t\t<\/div>\n\t\t<\/div>\n\t\t\t\t\t<\/div>\n\t\t<\/section>\n\t\t\t\t<section class=\"elementor-section elementor-top-section elementor-element elementor-element-a3ac176 elementor-section-boxed elementor-section-height-default elementor-section-height-default\" data-id=\"a3ac176\" data-element_type=\"section\" data-e-type=\"section\">\n\t\t\t\t\t\t<div class=\"elementor-container elementor-column-gap-default\">\n\t\t\t\t\t<div class=\"elementor-column elementor-col-100 elementor-top-column elementor-element elementor-element-7b36a6e\" data-id=\"7b36a6e\" data-element_type=\"column\" data-e-type=\"column\">\n\t\t\t<div class=\"elementor-widget-wrap elementor-element-populated\">\n\t\t\t\t\t\t<div class=\"elementor-element elementor-element-71b75bc elementor-widget elementor-widget-text-editor\" data-id=\"71b75bc\" data-element_type=\"widget\" data-e-type=\"widget\" data-widget_type=\"text-editor.default\">\n\t\t\t\t<div class=\"elementor-widget-container\">\n\t\t\t\t\t\t\t\t\t<p><strong>Director<\/strong>: <em>Ximena Rodr\u00edguez<\/em><\/p><p><strong>Correo: <\/strong><em>xrodriguez@munirauco.cl<\/em><\/p>\t\t\t\t\t\t\t\t<\/div>\n\t\t\t\t<\/div>\n\t\t\t\t\t<\/div>\n\t\t<\/div>\n\t\t\t\t\t<\/div>\n\t\t<\/section>\n\t\t\t\t<\/div>\n\t\t","protected":false},"excerpt":{"rendered":"<p>Juzgado de polic\u00eda local \u00a0 \u00a0El Juzgado de Polic\u00eda Local es un \u00f3rgano jurisdiccional al cual le competen todas aquellas materias a que se refiere la Ley 15.231.La funci\u00f3n del Juzgado es administrar Justicia dentro de la comuna, en todas las materias en que la ley le ha dado competencia. Algunas de estas materias son:\u00b7\u00a0 [&hellip;]<\/p>\n","protected":false},"author":1,"featured_media":0,"parent":2951,"menu_order":0,"comment_status":"closed","ping_status":"open","template":"","meta":{"site-sidebar-layout":"default","site-content-layout":"","ast-site-content-layout":"","site-content-style":"default","site-sidebar-style":"default","ast-global-header-display":"","ast-banner-title-visibility":"","ast-main-header-display":"","ast-hfb-above-header-display":"","ast-hfb-below-header-display":"","ast-hfb-mobile-header-display":"","site-post-title":"","ast-breadcrumbs-content":"","ast-featured-img":"","footer-sml-layout":"","theme-transparent-header-meta":"","adv-header-id-meta":"","stick-header-meta":"","header-above-stick-meta":"","header-main-stick-meta":"","header-below-stick-meta":"","astra-migrate-meta-layouts":"default","ast-page-background-enabled":"default","ast-page-background-meta":{"desktop":{"background-color":"var(--ast-global-color-4)","background-image":"","background-repeat":"repeat","background-position":"center center","background-size":"auto","background-attachment":"scroll","background-type":"","background-media":"","overlay-type":"","overlay-color":"","overlay-opacity":"","overlay-gradient":""},"tablet":{"background-color":"","background-image":"","background-repeat":"repeat","background-position":"center center","background-size":"auto","background-attachment":"scroll","background-type":"","background-media":"","overlay-type":"","overlay-color":"","overlay-opacity":"","overlay-gradient":""},"mobile":{"background-color":"","background-image":"","background-repeat":"repeat","background-position":"center center","background-size":"auto","background-attachment":"scroll","background-type":"","background-media":"","overlay-type":"","overlay-color":"","overlay-opacity":"","overlay-gradient":""}},"ast-content-background-meta":{"desktop":{"background-color":"var(--ast-global-color-5)","background-image":"","background-repeat":"repeat","background-position":"center center","background-size":"auto","background-attachment":"scroll","background-type":"","background-media":"","overlay-type":"","overlay-color":"","overlay-opacity":"","overlay-gradient":""},"tablet":{"background-color":"var(--ast-global-color-5)","background-image":"","background-repeat":"repeat","background-position":"center center","background-size":"auto","background-attachment":"scroll","background-type":"","background-media":"","overlay-type":"","overlay-color":"","overlay-opacity":"","overlay-gradient":""},"mobile":{"background-color":"var(--ast-global-color-5)","background-image":"","background-repeat":"repeat","background-position":"center center","background-size":"auto","background-attachment":"scroll","background-type":"","background-media":"","overlay-type":"","overlay-color":"","overlay-opacity":"","overlay-gradient":""}},"footnotes":""},"class_list":["post-3364","page","type-page","status-publish","hentry"],"yoast_head":"<!-- This site is optimized with the Yoast SEO plugin v27.4 - https:\/\/yoast.com\/product\/yoast-seo-wordpress\/ -->\n<title>Juzgado-de-polic\u00eda-local -<\/title>\n<meta name=\"robots\" content=\"index, follow, max-snippet:-1, max-image-preview:large, max-video-preview:-1\" \/>\n<link rel=\"canonical\" href=\"https:\/\/www.munirauco.cl\/sitio\/oficinas-municipales\/juzgado-de-policia-local\/\" \/>\n<meta property=\"og:locale\" content=\"es_ES\" \/>\n<meta property=\"og:type\" content=\"article\" \/>\n<meta property=\"og:title\" content=\"Juzgado-de-polic\u00eda-local -\" \/>\n<meta property=\"og:description\" content=\"Juzgado de polic\u00eda local \u00a0 \u00a0El Juzgado de Polic\u00eda Local es un \u00f3rgano jurisdiccional al cual le competen todas aquellas materias a que se refiere la Ley 15.231.La funci\u00f3n del Juzgado es administrar Justicia dentro de la comuna, en todas las materias en que la ley le ha dado competencia. Algunas de estas materias son:\u00b7\u00a0 [&hellip;]\" \/>\n<meta property=\"og:url\" content=\"https:\/\/www.munirauco.cl\/sitio\/oficinas-municipales\/juzgado-de-policia-local\/\" \/>\n<meta property=\"article:publisher\" content=\"https:\/\/www.facebook.com\/munirauco\" \/>\n<meta property=\"article:modified_time\" content=\"2025-05-05T20:21:55+00:00\" \/>\n<meta name=\"twitter:card\" content=\"summary_large_image\" \/>\n<meta name=\"twitter:label1\" content=\"Tiempo estimado de lectura\" \/>\n\t<meta name=\"twitter:data1\" content=\"1 minuto\" \/>\n<script type=\"application\/ld+json\" class=\"yoast-schema-graph\">{\"@context\":\"https:\\\/\\\/schema.org\",\"@graph\":[{\"@type\":\"WebPage\",\"@id\":\"https:\\\/\\\/www.munirauco.cl\\\/sitio\\\/oficinas-municipales\\\/juzgado-de-policia-local\\\/\",\"url\":\"https:\\\/\\\/www.munirauco.cl\\\/sitio\\\/oficinas-municipales\\\/juzgado-de-policia-local\\\/\",\"name\":\"Juzgado-de-polic\u00eda-local -\",\"isPartOf\":{\"@id\":\"https:\\\/\\\/www.munirauco.cl\\\/sitio\\\/#website\"},\"datePublished\":\"2015-04-27T02:52:08+00:00\",\"dateModified\":\"2025-05-05T20:21:55+00:00\",\"breadcrumb\":{\"@id\":\"https:\\\/\\\/www.munirauco.cl\\\/sitio\\\/oficinas-municipales\\\/juzgado-de-policia-local\\\/#breadcrumb\"},\"inLanguage\":\"es-CL\",\"potentialAction\":[{\"@type\":\"ReadAction\",\"target\":[\"https:\\\/\\\/www.munirauco.cl\\\/sitio\\\/oficinas-municipales\\\/juzgado-de-policia-local\\\/\"]}]},{\"@type\":\"BreadcrumbList\",\"@id\":\"https:\\\/\\\/www.munirauco.cl\\\/sitio\\\/oficinas-municipales\\\/juzgado-de-policia-local\\\/#breadcrumb\",\"itemListElement\":[{\"@type\":\"ListItem\",\"position\":1,\"name\":\"Portada\",\"item\":\"https:\\\/\\\/www.munirauco.cl\\\/sitio\\\/\"},{\"@type\":\"ListItem\",\"position\":2,\"name\":\"Oficinas Municipales\",\"item\":\"https:\\\/\\\/www.munirauco.cl\\\/sitio\\\/oficinas-municipales\\\/\"},{\"@type\":\"ListItem\",\"position\":3,\"name\":\"Juzgado-de-polic\u00eda-local\"}]},{\"@type\":\"WebSite\",\"@id\":\"https:\\\/\\\/www.munirauco.cl\\\/sitio\\\/#website\",\"url\":\"https:\\\/\\\/www.munirauco.cl\\\/sitio\\\/\",\"name\":\"Ilustre Municipalidad de Rauco\",\"description\":\"P\u00e1gina dedicada a prestar informaci\u00f3n y ayuda a la comunidad de Rauco.\",\"publisher\":{\"@id\":\"https:\\\/\\\/www.munirauco.cl\\\/sitio\\\/#organization\"},\"potentialAction\":[{\"@type\":\"SearchAction\",\"target\":{\"@type\":\"EntryPoint\",\"urlTemplate\":\"https:\\\/\\\/www.munirauco.cl\\\/sitio\\\/?s={search_term_string}\"},\"query-input\":{\"@type\":\"PropertyValueSpecification\",\"valueRequired\":true,\"valueName\":\"search_term_string\"}}],\"inLanguage\":\"es-CL\"},{\"@type\":\"Organization\",\"@id\":\"https:\\\/\\\/www.munirauco.cl\\\/sitio\\\/#organization\",\"name\":\"Ilustre Municipalidad de Rauco\",\"url\":\"https:\\\/\\\/www.munirauco.cl\\\/sitio\\\/\",\"logo\":{\"@type\":\"ImageObject\",\"inLanguage\":\"es-CL\",\"@id\":\"https:\\\/\\\/www.munirauco.cl\\\/sitio\\\/#\\\/schema\\\/logo\\\/image\\\/\",\"url\":\"https:\\\/\\\/www.munirauco.cl\\\/sitio\\\/wp-content\\\/uploads\\\/2021\\\/03\\\/logoRauco-t.png\",\"contentUrl\":\"https:\\\/\\\/www.munirauco.cl\\\/sitio\\\/wp-content\\\/uploads\\\/2021\\\/03\\\/logoRauco-t.png\",\"width\":1920,\"height\":1080,\"caption\":\"Ilustre Municipalidad de Rauco\"},\"image\":{\"@id\":\"https:\\\/\\\/www.munirauco.cl\\\/sitio\\\/#\\\/schema\\\/logo\\\/image\\\/\"},\"sameAs\":[\"https:\\\/\\\/www.facebook.com\\\/munirauco\",\"https:\\\/\\\/www.instagram.com\\\/raucoavanza\\\/\"]}]}<\/script>\n<!-- \/ Yoast SEO plugin. -->","yoast_head_json":{"title":"Juzgado-de-polic\u00eda-local -","robots":{"index":"index","follow":"follow","max-snippet":"max-snippet:-1","max-image-preview":"max-image-preview:large","max-video-preview":"max-video-preview:-1"},"canonical":"https:\/\/www.munirauco.cl\/sitio\/oficinas-municipales\/juzgado-de-policia-local\/","og_locale":"es_ES","og_type":"article","og_title":"Juzgado-de-polic\u00eda-local -","og_description":"Juzgado de polic\u00eda local \u00a0 \u00a0El Juzgado de Polic\u00eda Local es un \u00f3rgano jurisdiccional al cual le competen todas aquellas materias a que se refiere la Ley 15.231.La funci\u00f3n del Juzgado es administrar Justicia dentro de la comuna, en todas las materias en que la ley le ha dado competencia. Algunas de estas materias son:\u00b7\u00a0 [&hellip;]","og_url":"https:\/\/www.munirauco.cl\/sitio\/oficinas-municipales\/juzgado-de-policia-local\/","article_publisher":"https:\/\/www.facebook.com\/munirauco","article_modified_time":"2025-05-05T20:21:55+00:00","twitter_card":"summary_large_image","twitter_misc":{"Tiempo estimado de lectura":"1 minuto"},"schema":{"@context":"https:\/\/schema.org","@graph":[{"@type":"WebPage","@id":"https:\/\/www.munirauco.cl\/sitio\/oficinas-municipales\/juzgado-de-policia-local\/","url":"https:\/\/www.munirauco.cl\/sitio\/oficinas-municipales\/juzgado-de-policia-local\/","name":"Juzgado-de-polic\u00eda-local -","isPartOf":{"@id":"https:\/\/www.munirauco.cl\/sitio\/#website"},"datePublished":"2015-04-27T02:52:08+00:00","dateModified":"2025-05-05T20:21:55+00:00","breadcrumb":{"@id":"https:\/\/www.munirauco.cl\/sitio\/oficinas-municipales\/juzgado-de-policia-local\/#breadcrumb"},"inLanguage":"es-CL","potentialAction":[{"@type":"ReadAction","target":["https:\/\/www.munirauco.cl\/sitio\/oficinas-municipales\/juzgado-de-policia-local\/"]}]},{"@type":"BreadcrumbList","@id":"https:\/\/www.munirauco.cl\/sitio\/oficinas-municipales\/juzgado-de-policia-local\/#breadcrumb","itemListElement":[{"@type":"ListItem","position":1,"name":"Portada","item":"https:\/\/www.munirauco.cl\/sitio\/"},{"@type":"ListItem","position":2,"name":"Oficinas Municipales","item":"https:\/\/www.munirauco.cl\/sitio\/oficinas-municipales\/"},{"@type":"ListItem","position":3,"name":"Juzgado-de-polic\u00eda-local"}]},{"@type":"WebSite","@id":"https:\/\/www.munirauco.cl\/sitio\/#website","url":"https:\/\/www.munirauco.cl\/sitio\/","name":"Ilustre Municipalidad de Rauco","description":"P\u00e1gina dedicada a prestar informaci\u00f3n y ayuda a la comunidad de Rauco.","publisher":{"@id":"https:\/\/www.munirauco.cl\/sitio\/#organization"},"potentialAction":[{"@type":"SearchAction","target":{"@type":"EntryPoint","urlTemplate":"https:\/\/www.munirauco.cl\/sitio\/?s={search_term_string}"},"query-input":{"@type":"PropertyValueSpecification","valueRequired":true,"valueName":"search_term_string"}}],"inLanguage":"es-CL"},{"@type":"Organization","@id":"https:\/\/www.munirauco.cl\/sitio\/#organization","name":"Ilustre Municipalidad de Rauco","url":"https:\/\/www.munirauco.cl\/sitio\/","logo":{"@type":"ImageObject","inLanguage":"es-CL","@id":"https:\/\/www.munirauco.cl\/sitio\/#\/schema\/logo\/image\/","url":"https:\/\/www.munirauco.cl\/sitio\/wp-content\/uploads\/2021\/03\/logoRauco-t.png","contentUrl":"https:\/\/www.munirauco.cl\/sitio\/wp-content\/uploads\/2021\/03\/logoRauco-t.png","width":1920,"height":1080,"caption":"Ilustre Municipalidad de Rauco"},"image":{"@id":"https:\/\/www.munirauco.cl\/sitio\/#\/schema\/logo\/image\/"},"sameAs":["https:\/\/www.facebook.com\/munirauco","https:\/\/www.instagram.com\/raucoavanza\/"]}]}},"_links":{"self":[{"href":"https:\/\/www.munirauco.cl\/sitio\/wp-json\/wp\/v2\/pages\/3364","targetHints":{"allow":["GET"]}}],"collection":[{"href":"https:\/\/www.munirauco.cl\/sitio\/wp-json\/wp\/v2\/pages"}],"about":[{"href":"https:\/\/www.munirauco.cl\/sitio\/wp-json\/wp\/v2\/types\/page"}],"author":[{"embeddable":true,"href":"https:\/\/www.munirauco.cl\/sitio\/wp-json\/wp\/v2\/users\/1"}],"replies":[{"embeddable":true,"href":"https:\/\/www.munirauco.cl\/sitio\/wp-json\/wp\/v2\/comments?post=3364"}],"version-history":[{"count":12,"href":"https:\/\/www.munirauco.cl\/sitio\/wp-json\/wp\/v2\/pages\/3364\/revisions"}],"predecessor-version":[{"id":13006,"href":"https:\/\/www.munirauco.cl\/sitio\/wp-json\/wp\/v2\/pages\/3364\/revisions\/13006"}],"up":[{"embeddable":true,"href":"https:\/\/www.munirauco.cl\/sitio\/wp-json\/wp\/v2\/pages\/2951"}],"wp:attachment":[{"href":"https:\/\/www.munirauco.cl\/sitio\/wp-json\/wp\/v2\/media?parent=3364"}],"curies":[{"name":"wp","href":"https:\/\/api.w.org\/{rel}","templated":true}]}}