{"id":3369,"date":"2015-04-27T02:56:54","date_gmt":"2015-04-27T02:56:54","guid":{"rendered":"http:\/\/municipalidadrauco.cl\/web\/?page_id=3369"},"modified":"2025-04-16T10:38:44","modified_gmt":"2025-04-16T13:38:44","slug":"transito-y-transporte-publico","status":"publish","type":"page","link":"https:\/\/www.munirauco.cl\/sitio\/oficinas-municipales\/transito-y-transporte-publico\/","title":{"rendered":"Transito y Transporte P\u00fablico"},"content":{"rendered":"\t\t<div data-elementor-type=\"wp-page\" data-elementor-id=\"3369\" class=\"elementor elementor-3369\">\n\t\t\t\t\t\t<section class=\"elementor-section elementor-top-section elementor-element elementor-element-1447deba elementor-section-boxed elementor-section-height-default elementor-section-height-default\" data-id=\"1447deba\" data-element_type=\"section\" data-e-type=\"section\">\n\t\t\t\t\t\t<div class=\"elementor-container elementor-column-gap-default\">\n\t\t\t\t\t<div class=\"elementor-column elementor-col-100 elementor-top-column elementor-element elementor-element-b675eb1\" data-id=\"b675eb1\" data-element_type=\"column\" data-e-type=\"column\">\n\t\t\t<div class=\"elementor-widget-wrap elementor-element-populated\">\n\t\t\t\t\t\t<div class=\"elementor-element elementor-element-66cb288f elementor-widget elementor-widget-text-editor\" data-id=\"66cb288f\" data-element_type=\"widget\" data-e-type=\"widget\" data-widget_type=\"text-editor.default\">\n\t\t\t\t<div class=\"elementor-widget-container\">\n\t\t\t\t\t\t\t\t\t<p><span style=\"text-align: justify; background-color: rgba(0, 142, 255, 0);\">\u00a0 \u00a0 El Departamento\u00a0de Transporte y Tr\u00e1nsito P\u00fablico tiene por objetivo el asegurar la optimizaci\u00f3n de las condiciones de tr\u00e1nsito en la ciudad y otorgar a la comunidad los servicios necesarios relativos al transporte urbano e interurbano que tenga lugar dentro de la comuna, asegurando un desplazamiento permanente y seguro, y en menor tiempo, de acuerdo a la demanda creciente de la ciudad.<\/span><\/p><p><span style=\"text-align: justify; background-color: rgba(0, 142, 255, 0);\">\u00a0<\/span><\/p><p style=\"text-align: justify;\">Asimismo, debe velar por el cumplimiento de las normas legales que regulan el tr\u00e1nsito y transporte p\u00fablico y el mejoramiento de los sistemas viales, a trav\u00e9s de una adecuada gesti\u00f3n de tr\u00e1nsito en la comuna.<\/p><p style=\"text-align: justify;\">La Direcci\u00f3n de Tr\u00e1nsito y Transporte P\u00fablico tiene a su cargo las siguientes funciones:<\/p><p>Art\u00edculo 26.- A la unidad encargada de la funci\u00f3n de tr\u00e1nsito y transporte p\u00fablicos<\/p><p>corresponder\u00e1:<\/p><p>a) Determinar el sentido de circulaci\u00f3n de veh\u00edculos, en coordinaci\u00f3n con los organismos de la Administraci\u00f3n del Estado competentes;<\/p><p>b) Se\u00f1alizar adecuadamente las v\u00edas p\u00fablicas, y<\/p><p>c) En general, aplicar las normas generales sobre tr\u00e1nsito y transporte p\u00fablicos en la comuna.<\/p><p>Telefonos: 752 564 511 y 752 564 5<\/p>\t\t\t\t\t\t\t\t<\/div>\n\t\t\t\t<\/div>\n\t\t\t\t\t<\/div>\n\t\t<\/div>\n\t\t\t\t\t<\/div>\n\t\t<\/section>\n\t\t\t\t<section class=\"elementor-section elementor-top-section elementor-element elementor-element-167334b elementor-section-boxed elementor-section-height-default elementor-section-height-default\" data-id=\"167334b\" data-element_type=\"section\" data-e-type=\"section\">\n\t\t\t\t\t\t<div class=\"elementor-container elementor-column-gap-default\">\n\t\t\t\t\t<div class=\"elementor-column elementor-col-100 elementor-top-column elementor-element elementor-element-bc03db1\" data-id=\"bc03db1\" data-element_type=\"column\" data-e-type=\"column\">\n\t\t\t<div class=\"elementor-widget-wrap elementor-element-populated\">\n\t\t\t\t\t\t<div class=\"elementor-element elementor-element-69b0ed6 elementor-widget elementor-widget-spacer\" data-id=\"69b0ed6\" data-element_type=\"widget\" data-e-type=\"widget\" data-widget_type=\"spacer.default\">\n\t\t\t\t<div class=\"elementor-widget-container\">\n\t\t\t\t\t\t\t<div class=\"elementor-spacer\">\n\t\t\t<div class=\"elementor-spacer-inner\"><\/div>\n\t\t<\/div>\n\t\t\t\t\t\t<\/div>\n\t\t\t\t<\/div>\n\t\t\t\t\t<\/div>\n\t\t<\/div>\n\t\t\t\t\t<\/div>\n\t\t<\/section>\n\t\t\t\t<section class=\"elementor-section elementor-top-section elementor-element elementor-element-7651cea elementor-section-boxed elementor-section-height-default elementor-section-height-default\" data-id=\"7651cea\" data-element_type=\"section\" data-e-type=\"section\">\n\t\t\t\t\t\t<div class=\"elementor-container elementor-column-gap-default\">\n\t\t\t\t\t<div class=\"elementor-column elementor-col-100 elementor-top-column elementor-element elementor-element-6f0fa37\" data-id=\"6f0fa37\" data-element_type=\"column\" data-e-type=\"column\">\n\t\t\t<div class=\"elementor-widget-wrap elementor-element-populated\">\n\t\t\t\t\t\t<div class=\"elementor-element elementor-element-e8ba491 elementor-position-top elementor-widget elementor-widget-image-box\" data-id=\"e8ba491\" data-element_type=\"widget\" data-e-type=\"widget\" data-widget_type=\"image-box.default\">\n\t\t\t\t<div class=\"elementor-widget-container\">\n\t\t\t\t\t<div class=\"elementor-image-box-wrapper\"><figure class=\"elementor-image-box-img\"><img decoding=\"async\" data-src=\"https:\/\/www.munirauco.cl\/sitio\/wp-content\/plugins\/elementor\/assets\/images\/placeholder.png\" title=\"\" alt=\"\" src=\"data:image\/svg+xml;base64,PHN2ZyB3aWR0aD0iMSIgaGVpZ2h0PSIxIiB4bWxucz0iaHR0cDovL3d3dy53My5vcmcvMjAwMC9zdmciPjwvc3ZnPg==\" class=\"lazyload\" style=\"--smush-placeholder-width: 1200px; --smush-placeholder-aspect-ratio: 1200\/800;\" \/><\/figure><div class=\"elementor-image-box-content\"><h3 class=\"elementor-image-box-title\">Frederick Mauricio Canales Ibarra<\/h3><p class=\"elementor-image-box-description\">Jefe del departamento de transito y transporte publico<\/p><\/div><\/div>\t\t\t\t<\/div>\n\t\t\t\t<\/div>\n\t\t\t\t\t<\/div>\n\t\t<\/div>\n\t\t\t\t\t<\/div>\n\t\t<\/section>\n\t\t\t\t<\/div>\n\t\t","protected":false},"excerpt":{"rendered":"<p>\u00a0 \u00a0 El Departamento\u00a0de Transporte y Tr\u00e1nsito P\u00fablico tiene por objetivo el asegurar la optimizaci\u00f3n de las condiciones de tr\u00e1nsito en la ciudad y otorgar a la comunidad los servicios necesarios relativos al transporte urbano e interurbano que tenga lugar dentro de la comuna, asegurando un desplazamiento permanente y seguro, y en menor tiempo, de [&hellip;]<\/p>\n","protected":false},"author":1,"featured_media":0,"parent":2951,"menu_order":0,"comment_status":"closed","ping_status":"open","template":"","meta":{"site-sidebar-layout":"default","site-content-layout":"","ast-site-content-layout":"","site-content-style":"default","site-sidebar-style":"default","ast-global-header-display":"","ast-banner-title-visibility":"","ast-main-header-display":"","ast-hfb-above-header-display":"","ast-hfb-below-header-display":"","ast-hfb-mobile-header-display":"","site-post-title":"","ast-breadcrumbs-content":"","ast-featured-img":"","footer-sml-layout":"","theme-transparent-header-meta":"","adv-header-id-meta":"","stick-header-meta":"","header-above-stick-meta":"","header-main-stick-meta":"","header-below-stick-meta":"","astra-migrate-meta-layouts":"default","ast-page-background-enabled":"default","ast-page-background-meta":{"desktop":{"background-color":"var(--ast-global-color-4)","background-image":"","background-repeat":"repeat","background-position":"center center","background-size":"auto","background-attachment":"scroll","background-type":"","background-media":"","overlay-type":"","overlay-color":"","overlay-opacity":"","overlay-gradient":""},"tablet":{"background-color":"","background-image":"","background-repeat":"repeat","background-position":"center center","background-size":"auto","background-attachment":"scroll","background-type":"","background-media":"","overlay-type":"","overlay-color":"","overlay-opacity":"","overlay-gradient":""},"mobile":{"background-color":"","background-image":"","background-repeat":"repeat","background-position":"center center","background-size":"auto","background-attachment":"scroll","background-type":"","background-media":"","overlay-type":"","overlay-color":"","overlay-opacity":"","overlay-gradient":""}},"ast-content-background-meta":{"desktop":{"background-color":"var(--ast-global-color-5)","background-image":"","background-repeat":"repeat","background-position":"center center","background-size":"auto","background-attachment":"scroll","background-type":"","background-media":"","overlay-type":"","overlay-color":"","overlay-opacity":"","overlay-gradient":""},"tablet":{"background-color":"var(--ast-global-color-5)","background-image":"","background-repeat":"repeat","background-position":"center center","background-size":"auto","background-attachment":"scroll","background-type":"","background-media":"","overlay-type":"","overlay-color":"","overlay-opacity":"","overlay-gradient":""},"mobile":{"background-color":"var(--ast-global-color-5)","background-image":"","background-repeat":"repeat","background-position":"center center","background-size":"auto","background-attachment":"scroll","background-type":"","background-media":"","overlay-type":"","overlay-color":"","overlay-opacity":"","overlay-gradient":""}},"footnotes":""},"class_list":["post-3369","page","type-page","status-publish","hentry"],"yoast_head":"<!-- This site is optimized with the Yoast SEO plugin v27.4 - https:\/\/yoast.com\/product\/yoast-seo-wordpress\/ -->\n<title>Transito y Transporte P\u00fablico -<\/title>\n<meta name=\"robots\" content=\"index, follow, max-snippet:-1, max-image-preview:large, max-video-preview:-1\" \/>\n<link rel=\"canonical\" href=\"https:\/\/www.munirauco.cl\/sitio\/oficinas-municipales\/transito-y-transporte-publico\/\" \/>\n<meta property=\"og:locale\" content=\"es_ES\" \/>\n<meta property=\"og:type\" content=\"article\" \/>\n<meta property=\"og:title\" content=\"Transito y Transporte P\u00fablico -\" \/>\n<meta property=\"og:description\" content=\"\u00a0 \u00a0 El Departamento\u00a0de Transporte y Tr\u00e1nsito P\u00fablico tiene por objetivo el asegurar la optimizaci\u00f3n de las condiciones de tr\u00e1nsito en la ciudad y otorgar a la comunidad los servicios necesarios relativos al transporte urbano e interurbano que tenga lugar dentro de la comuna, asegurando un desplazamiento permanente y seguro, y en menor tiempo, de [&hellip;]\" \/>\n<meta property=\"og:url\" content=\"https:\/\/www.munirauco.cl\/sitio\/oficinas-municipales\/transito-y-transporte-publico\/\" \/>\n<meta property=\"article:publisher\" content=\"https:\/\/www.facebook.com\/munirauco\" \/>\n<meta property=\"article:modified_time\" content=\"2025-04-16T13:38:44+00:00\" \/>\n<meta property=\"og:image\" content=\"https:\/\/www.munirauco.cl\/sitio\/wp-content\/plugins\/elementor\/assets\/images\/placeholder.png\" \/>\n<meta name=\"twitter:card\" content=\"summary_large_image\" \/>\n<meta name=\"twitter:label1\" content=\"Tiempo estimado de lectura\" \/>\n\t<meta name=\"twitter:data1\" content=\"2 minutos\" \/>\n<script type=\"application\/ld+json\" class=\"yoast-schema-graph\">{\"@context\":\"https:\\\/\\\/schema.org\",\"@graph\":[{\"@type\":\"WebPage\",\"@id\":\"https:\\\/\\\/www.munirauco.cl\\\/sitio\\\/oficinas-municipales\\\/transito-y-transporte-publico\\\/\",\"url\":\"https:\\\/\\\/www.munirauco.cl\\\/sitio\\\/oficinas-municipales\\\/transito-y-transporte-publico\\\/\",\"name\":\"Transito y Transporte P\u00fablico -\",\"isPartOf\":{\"@id\":\"https:\\\/\\\/www.munirauco.cl\\\/sitio\\\/#website\"},\"primaryImageOfPage\":{\"@id\":\"https:\\\/\\\/www.munirauco.cl\\\/sitio\\\/oficinas-municipales\\\/transito-y-transporte-publico\\\/#primaryimage\"},\"image\":{\"@id\":\"https:\\\/\\\/www.munirauco.cl\\\/sitio\\\/oficinas-municipales\\\/transito-y-transporte-publico\\\/#primaryimage\"},\"thumbnailUrl\":\"https:\\\/\\\/www.munirauco.cl\\\/sitio\\\/wp-content\\\/plugins\\\/elementor\\\/assets\\\/images\\\/placeholder.png\",\"datePublished\":\"2015-04-27T02:56:54+00:00\",\"dateModified\":\"2025-04-16T13:38:44+00:00\",\"breadcrumb\":{\"@id\":\"https:\\\/\\\/www.munirauco.cl\\\/sitio\\\/oficinas-municipales\\\/transito-y-transporte-publico\\\/#breadcrumb\"},\"inLanguage\":\"es-CL\",\"potentialAction\":[{\"@type\":\"ReadAction\",\"target\":[\"https:\\\/\\\/www.munirauco.cl\\\/sitio\\\/oficinas-municipales\\\/transito-y-transporte-publico\\\/\"]}]},{\"@type\":\"ImageObject\",\"inLanguage\":\"es-CL\",\"@id\":\"https:\\\/\\\/www.munirauco.cl\\\/sitio\\\/oficinas-municipales\\\/transito-y-transporte-publico\\\/#primaryimage\",\"url\":\"https:\\\/\\\/www.munirauco.cl\\\/sitio\\\/wp-content\\\/plugins\\\/elementor\\\/assets\\\/images\\\/placeholder.png\",\"contentUrl\":\"https:\\\/\\\/www.munirauco.cl\\\/sitio\\\/wp-content\\\/plugins\\\/elementor\\\/assets\\\/images\\\/placeholder.png\"},{\"@type\":\"BreadcrumbList\",\"@id\":\"https:\\\/\\\/www.munirauco.cl\\\/sitio\\\/oficinas-municipales\\\/transito-y-transporte-publico\\\/#breadcrumb\",\"itemListElement\":[{\"@type\":\"ListItem\",\"position\":1,\"name\":\"Portada\",\"item\":\"https:\\\/\\\/www.munirauco.cl\\\/sitio\\\/\"},{\"@type\":\"ListItem\",\"position\":2,\"name\":\"Oficinas Municipales\",\"item\":\"https:\\\/\\\/www.munirauco.cl\\\/sitio\\\/oficinas-municipales\\\/\"},{\"@type\":\"ListItem\",\"position\":3,\"name\":\"Transito y Transporte P\u00fablico\"}]},{\"@type\":\"WebSite\",\"@id\":\"https:\\\/\\\/www.munirauco.cl\\\/sitio\\\/#website\",\"url\":\"https:\\\/\\\/www.munirauco.cl\\\/sitio\\\/\",\"name\":\"Ilustre Municipalidad de Rauco\",\"description\":\"P\u00e1gina dedicada a prestar informaci\u00f3n y ayuda a la comunidad de Rauco.\",\"publisher\":{\"@id\":\"https:\\\/\\\/www.munirauco.cl\\\/sitio\\\/#organization\"},\"potentialAction\":[{\"@type\":\"SearchAction\",\"target\":{\"@type\":\"EntryPoint\",\"urlTemplate\":\"https:\\\/\\\/www.munirauco.cl\\\/sitio\\\/?s={search_term_string}\"},\"query-input\":{\"@type\":\"PropertyValueSpecification\",\"valueRequired\":true,\"valueName\":\"search_term_string\"}}],\"inLanguage\":\"es-CL\"},{\"@type\":\"Organization\",\"@id\":\"https:\\\/\\\/www.munirauco.cl\\\/sitio\\\/#organization\",\"name\":\"Ilustre Municipalidad de Rauco\",\"url\":\"https:\\\/\\\/www.munirauco.cl\\\/sitio\\\/\",\"logo\":{\"@type\":\"ImageObject\",\"inLanguage\":\"es-CL\",\"@id\":\"https:\\\/\\\/www.munirauco.cl\\\/sitio\\\/#\\\/schema\\\/logo\\\/image\\\/\",\"url\":\"https:\\\/\\\/www.munirauco.cl\\\/sitio\\\/wp-content\\\/uploads\\\/2021\\\/03\\\/logoRauco-t.png\",\"contentUrl\":\"https:\\\/\\\/www.munirauco.cl\\\/sitio\\\/wp-content\\\/uploads\\\/2021\\\/03\\\/logoRauco-t.png\",\"width\":1920,\"height\":1080,\"caption\":\"Ilustre Municipalidad de Rauco\"},\"image\":{\"@id\":\"https:\\\/\\\/www.munirauco.cl\\\/sitio\\\/#\\\/schema\\\/logo\\\/image\\\/\"},\"sameAs\":[\"https:\\\/\\\/www.facebook.com\\\/munirauco\",\"https:\\\/\\\/www.instagram.com\\\/raucoavanza\\\/\"]}]}<\/script>\n<!-- \/ Yoast SEO plugin. -->","yoast_head_json":{"title":"Transito y Transporte P\u00fablico -","robots":{"index":"index","follow":"follow","max-snippet":"max-snippet:-1","max-image-preview":"max-image-preview:large","max-video-preview":"max-video-preview:-1"},"canonical":"https:\/\/www.munirauco.cl\/sitio\/oficinas-municipales\/transito-y-transporte-publico\/","og_locale":"es_ES","og_type":"article","og_title":"Transito y Transporte P\u00fablico -","og_description":"\u00a0 \u00a0 El Departamento\u00a0de Transporte y Tr\u00e1nsito P\u00fablico tiene por objetivo el asegurar la optimizaci\u00f3n de las condiciones de tr\u00e1nsito en la ciudad y otorgar a la comunidad los servicios necesarios relativos al transporte urbano e interurbano que tenga lugar dentro de la comuna, asegurando un desplazamiento permanente y seguro, y en menor tiempo, de [&hellip;]","og_url":"https:\/\/www.munirauco.cl\/sitio\/oficinas-municipales\/transito-y-transporte-publico\/","article_publisher":"https:\/\/www.facebook.com\/munirauco","article_modified_time":"2025-04-16T13:38:44+00:00","og_image":[{"url":"https:\/\/www.munirauco.cl\/sitio\/wp-content\/plugins\/elementor\/assets\/images\/placeholder.png","type":"","width":"","height":""}],"twitter_card":"summary_large_image","twitter_misc":{"Tiempo estimado de lectura":"2 minutos"},"schema":{"@context":"https:\/\/schema.org","@graph":[{"@type":"WebPage","@id":"https:\/\/www.munirauco.cl\/sitio\/oficinas-municipales\/transito-y-transporte-publico\/","url":"https:\/\/www.munirauco.cl\/sitio\/oficinas-municipales\/transito-y-transporte-publico\/","name":"Transito y Transporte P\u00fablico -","isPartOf":{"@id":"https:\/\/www.munirauco.cl\/sitio\/#website"},"primaryImageOfPage":{"@id":"https:\/\/www.munirauco.cl\/sitio\/oficinas-municipales\/transito-y-transporte-publico\/#primaryimage"},"image":{"@id":"https:\/\/www.munirauco.cl\/sitio\/oficinas-municipales\/transito-y-transporte-publico\/#primaryimage"},"thumbnailUrl":"https:\/\/www.munirauco.cl\/sitio\/wp-content\/plugins\/elementor\/assets\/images\/placeholder.png","datePublished":"2015-04-27T02:56:54+00:00","dateModified":"2025-04-16T13:38:44+00:00","breadcrumb":{"@id":"https:\/\/www.munirauco.cl\/sitio\/oficinas-municipales\/transito-y-transporte-publico\/#breadcrumb"},"inLanguage":"es-CL","potentialAction":[{"@type":"ReadAction","target":["https:\/\/www.munirauco.cl\/sitio\/oficinas-municipales\/transito-y-transporte-publico\/"]}]},{"@type":"ImageObject","inLanguage":"es-CL","@id":"https:\/\/www.munirauco.cl\/sitio\/oficinas-municipales\/transito-y-transporte-publico\/#primaryimage","url":"https:\/\/www.munirauco.cl\/sitio\/wp-content\/plugins\/elementor\/assets\/images\/placeholder.png","contentUrl":"https:\/\/www.munirauco.cl\/sitio\/wp-content\/plugins\/elementor\/assets\/images\/placeholder.png"},{"@type":"BreadcrumbList","@id":"https:\/\/www.munirauco.cl\/sitio\/oficinas-municipales\/transito-y-transporte-publico\/#breadcrumb","itemListElement":[{"@type":"ListItem","position":1,"name":"Portada","item":"https:\/\/www.munirauco.cl\/sitio\/"},{"@type":"ListItem","position":2,"name":"Oficinas Municipales","item":"https:\/\/www.munirauco.cl\/sitio\/oficinas-municipales\/"},{"@type":"ListItem","position":3,"name":"Transito y Transporte P\u00fablico"}]},{"@type":"WebSite","@id":"https:\/\/www.munirauco.cl\/sitio\/#website","url":"https:\/\/www.munirauco.cl\/sitio\/","name":"Ilustre Municipalidad de Rauco","description":"P\u00e1gina dedicada a prestar informaci\u00f3n y ayuda a la comunidad de Rauco.","publisher":{"@id":"https:\/\/www.munirauco.cl\/sitio\/#organization"},"potentialAction":[{"@type":"SearchAction","target":{"@type":"EntryPoint","urlTemplate":"https:\/\/www.munirauco.cl\/sitio\/?s={search_term_string}"},"query-input":{"@type":"PropertyValueSpecification","valueRequired":true,"valueName":"search_term_string"}}],"inLanguage":"es-CL"},{"@type":"Organization","@id":"https:\/\/www.munirauco.cl\/sitio\/#organization","name":"Ilustre Municipalidad de Rauco","url":"https:\/\/www.munirauco.cl\/sitio\/","logo":{"@type":"ImageObject","inLanguage":"es-CL","@id":"https:\/\/www.munirauco.cl\/sitio\/#\/schema\/logo\/image\/","url":"https:\/\/www.munirauco.cl\/sitio\/wp-content\/uploads\/2021\/03\/logoRauco-t.png","contentUrl":"https:\/\/www.munirauco.cl\/sitio\/wp-content\/uploads\/2021\/03\/logoRauco-t.png","width":1920,"height":1080,"caption":"Ilustre Municipalidad de Rauco"},"image":{"@id":"https:\/\/www.munirauco.cl\/sitio\/#\/schema\/logo\/image\/"},"sameAs":["https:\/\/www.facebook.com\/munirauco","https:\/\/www.instagram.com\/raucoavanza\/"]}]}},"_links":{"self":[{"href":"https:\/\/www.munirauco.cl\/sitio\/wp-json\/wp\/v2\/pages\/3369","targetHints":{"allow":["GET"]}}],"collection":[{"href":"https:\/\/www.munirauco.cl\/sitio\/wp-json\/wp\/v2\/pages"}],"about":[{"href":"https:\/\/www.munirauco.cl\/sitio\/wp-json\/wp\/v2\/types\/page"}],"author":[{"embeddable":true,"href":"https:\/\/www.munirauco.cl\/sitio\/wp-json\/wp\/v2\/users\/1"}],"replies":[{"embeddable":true,"href":"https:\/\/www.munirauco.cl\/sitio\/wp-json\/wp\/v2\/comments?post=3369"}],"version-history":[{"count":18,"href":"https:\/\/www.munirauco.cl\/sitio\/wp-json\/wp\/v2\/pages\/3369\/revisions"}],"predecessor-version":[{"id":12861,"href":"https:\/\/www.munirauco.cl\/sitio\/wp-json\/wp\/v2\/pages\/3369\/revisions\/12861"}],"up":[{"embeddable":true,"href":"https:\/\/www.munirauco.cl\/sitio\/wp-json\/wp\/v2\/pages\/2951"}],"wp:attachment":[{"href":"https:\/\/www.munirauco.cl\/sitio\/wp-json\/wp\/v2\/media?parent=3369"}],"curies":[{"name":"wp","href":"https:\/\/api.w.org\/{rel}","templated":true}]}}