{"id":3376,"date":"2015-04-27T03:09:59","date_gmt":"2015-04-27T03:09:59","guid":{"rendered":"http:\/\/municipalidadrauco.cl\/web\/?page_id=3376"},"modified":"2015-04-27T03:09:59","modified_gmt":"2015-04-27T03:09:59","slug":"tramites-en-la-direccion-de-obras","status":"publish","type":"page","link":"https:\/\/www.munirauco.cl\/sitio\/guia-de-tramites\/tramites-en-la-direccion-de-obras\/","title":{"rendered":"Tr\u00e1mites en la Direcci\u00f3n de obras"},"content":{"rendered":"<p>[vc_row][vc_column width=&#8221;1\/1&#8243;][vc_separator color=&#8221;white&#8221;][\/vc_column][\/vc_row][vc_row][vc_column width=&#8221;1\/1&#8243;][vc_single_image image=&#8221;3383&#8243; border_color=&#8221;grey&#8221; img_link_target=&#8221;_self&#8221; img_size=&#8221;750&#215;100&#8243;][\/vc_column][\/vc_row][vc_row][vc_column width=&#8221;1\/1&#8243;][vc_column_text]<\/p>\n<p style=\"text-align: justify;\">Conforme al art\u00edculo 1.4.3. de la Ordenanza General de Urbanismo y Construcciones, al Ministerio de Vivienda y Urbanismo, le compete elaborar los Formularios \u00danicos Nacionales en relaci\u00f3n con cada actuaci\u00f3n que los interesados realicen en las Direcciones de Obras Municipales.<\/p>\n<p style=\"text-align: justify;\">Cada formulario contiene la informaci\u00f3n relevante para cada caso, detallando los antecedentes que deben adjuntarse, los que se constituyen como las \u00fanicas exigencias que deben ser requeridas y\/o acompa\u00f1adas de conformidad a la normativa de urbanismo y construcciones vigentes, a excepci\u00f3n de otros antecedentes cuya obligaci\u00f3n emane expresamente de otras leyes y reglamentos.<\/p>\n<p>[\/vc_column_text][\/vc_column][\/vc_row][vc_row][vc_column width=&#8221;1\/1&#8243;][vc_accordion][vc_accordion_tab title=&#8221;Formularios de Permisos de Obra Menor&#8221;][vc_column_text]<\/p>\n<p style=\"text-align: justify;\"><span style=\"color: #ff0000;\"><strong>A ser aplicados para permisos de:<\/strong><\/span><\/p>\n<p style=\"text-align: justify;\">Ampliaciones menores a 100 m2.<br \/>\nModificaciones d edificaciones existentes que no alteren la estructura.<br \/>\nPermisos que se acogen a las disposiciones del inciso final del art\u00edculo 6.2.9. de la OGUC.<\/p>\n<ol>\n<li style=\"text-align: justify;\"><a href=\"http:\/\/www.minvu.cl\/incjs\/download.aspx?glb_cod_nodo=20070307184543&amp;hdd_nom_archivo=1.1-%20S.O.M.pdf\">Solicitud Permiso obra menor.<\/a><\/li>\n<li style=\"text-align: justify;\"><a href=\"http:\/\/www.minvu.cl\/incjs\/download.aspx?glb_cod_nodo=20070307184543&amp;hdd_nom_archivo=1.2%20-%20P.O.M_47171237337386921.pdf\">Permiso de Obra menor<\/a><\/li>\n<li style=\"text-align: justify;\"><a href=\"http:\/\/www.minvu.cl\/incjs\/download.aspx?glb_cod_nodo=20070307184543&amp;hdd_nom_archivo=1.3%20-%20S.R.D.O.M.pdf\">Solicitud de recepci\u00f3n definitiva obra menor<\/a><\/li>\n<li style=\"text-align: justify;\"><a title=\"1.4 - C.R.D.O.M.pdf - 220 kb\" href=\"http:\/\/www.minvu.cl\/incjs\/download.aspx?glb_cod_nodo=20070307184543&amp;hdd_nom_archivo=1.4%20-%20C.R.D.O.M.pdf\">Certificado de Recepci\u00f3n Definitiva de Obra Menor<\/a><\/li>\n<li style=\"text-align: justify;\"><a title=\"1.5 S.A.V.S.pdf - 1642 kb\" href=\"http:\/\/www.minvu.cl\/incjs\/download.aspx?glb_cod_nodo=20070307184543&amp;hdd_nom_archivo=1.5%20S.A.V.S.pdf\">Solicitud de Permiso de Obra Menor de Ampliaci\u00f3n de Vivienda Social<\/a><\/li>\n<li style=\"text-align: justify;\"><a title=\"1.6 PAVS.pdf - 121 kb\" href=\"http:\/\/www.minvu.cl\/incjs\/download.aspx?glb_cod_nodo=20070307184543&amp;hdd_nom_archivo=1.6%20PAVS.pdf\">Permiso de Obra Menor de Ampliaci\u00f3n de Vivienda Social<\/a><\/li>\n<li style=\"text-align: justify;\"><a title=\"1.7 SRAVS.pdf - 539 kb\" href=\"http:\/\/www.minvu.cl\/incjs\/download.aspx?glb_cod_nodo=20070307184543&amp;hdd_nom_archivo=1.7%20SRAVS.pdf\">Solicitud de Recepci\u00f3n Definitiva de Obra Menor de Ampliaci\u00f3n de Vivienda Social<\/a><\/li>\n<li style=\"text-align: justify;\"><a title=\"1.8 CRAVS.pdf - 251 kb\" href=\"http:\/\/www.minvu.cl\/incjs\/download.aspx?glb_cod_nodo=20070307184543&amp;hdd_nom_archivo=1.8%20CRAVS.pdf\">Certificado de Recepci\u00f3n Definitiva de Obra Menor de Ampliaci\u00f3n de Vivienda Social<\/a><\/li>\n<li style=\"text-align: justify;\"><a title=\"1.9 SROM.pdf - 2721 kb\" href=\"http:\/\/www.minvu.cl\/incjs\/download.aspx?glb_cod_nodo=20070307184543&amp;hdd_nom_archivo=1.9%20SROM.pdf\">Solicitud de Regularizaci\u00f3n de Obra Menor (Permiso y recepci\u00f3n definitiva) Edificaci\u00f3n Antigua de cualquier destino (construida con anterioridad al 31\/07\/1959)<\/a><\/li>\n<li style=\"text-align: justify;\"><a title=\"1.10 REA.pdf - 107 kb\" href=\"http:\/\/www.minvu.cl\/incjs\/download.aspx?glb_cod_nodo=20070307184543&amp;hdd_nom_archivo=1.10%20REA.pdf\">Certificado de Regularizaci\u00f3n de Obra Menor (permiso y recepci\u00f3n definitiva) Edificaci\u00f3n Antigua de cualquier destino (construida con anterioridad al 31\/07\/1959)<\/a><\/li>\n<\/ol>\n<p>[\/vc_column_text][\/vc_accordion_tab][vc_accordion_tab title=&#8221;Formulario de Permiso de Edificaci\u00f3n&#8221;][vc_column_text]<\/p>\n<p style=\"text-align: justify;\"><span style=\"color: #ff0000;\"><strong>A ser aplicados para permisos de:<\/strong><\/span><\/p>\n<p style=\"text-align: justify;\">Obra nueva<br \/>\nAmpliaci\u00f3n mayor a 100 m2<br \/>\nAlteraci\u00f3n<br \/>\nReparaci\u00f3n<br \/>\nReconstrucci\u00f3n<\/p>\n<ol>\n<li style=\"text-align: justify;\"><a title=\"2.1 - S.A.P.pdf - 293 kb\" href=\"http:\/\/www.minvu.cl\/incjs\/download.aspx?glb_cod_nodo=20070307184543&amp;hdd_nom_archivo=2.1%20-%20S.A.P.pdf\">Solicitud de aprobaci\u00f3n de anteproyecto de edificaci\u00f3n<\/a><\/li>\n<li style=\"text-align: justify;\"><a title=\"2.2 - R.A.E.pdf - 242 kb\" href=\"http:\/\/www.minvu.cl\/incjs\/download.aspx?glb_cod_nodo=20070307184543&amp;hdd_nom_archivo=2.2%20-%20R.A.E.pdf\">Resoluci\u00f3n de aprobaci\u00f3n de anteproyecto de edificaci\u00f3n<\/a><\/li>\n<li style=\"text-align: justify;\"><a title=\"2.3 - S.P.E..pdf - 371 kb\" href=\"http:\/\/www.minvu.cl\/incjs\/download.aspx?glb_cod_nodo=20070307184543&amp;hdd_nom_archivo=2.3%20-%20S.P.E..pdf\">Solicitud de permiso de edificaci\u00f3n<\/a><\/li>\n<li style=\"text-align: justify;\"><a title=\"2.4 - P.E.pdf - 251 kb\" href=\"http:\/\/www.minvu.cl\/incjs\/download.aspx?glb_cod_nodo=20070307184543&amp;hdd_nom_archivo=2.4%20-%20P.E.pdf\">Permiso de edificaci\u00f3n<\/a><\/li>\n<li style=\"text-align: justify;\"><a title=\"2.5 - S.M.P.E.pdf - 309 kb\" href=\"http:\/\/www.minvu.cl\/incjs\/download.aspx?glb_cod_nodo=20070307184543&amp;hdd_nom_archivo=2.5%20-%20S.M.P.E.pdf\">Solicitud de modificaci\u00f3n de proyecto de edificaci\u00f3n<\/a><\/li>\n<li style=\"text-align: justify;\"><a title=\"2.6 - R.M.P.E.pdf - 253 kb\" href=\"http:\/\/www.minvu.cl\/incjs\/download.aspx?glb_cod_nodo=20070307184543&amp;hdd_nom_archivo=2.6%20-%20R.M.P.E.pdf\">Resoluci\u00f3n de modificaci\u00f3n de proyecto de edificaci\u00f3n<\/a><\/li>\n<li style=\"text-align: justify;\"><a title=\"2.7 - S.R.D.E.pdf - 266 kb\" href=\"http:\/\/www.minvu.cl\/incjs\/download.aspx?glb_cod_nodo=20070307184543&amp;hdd_nom_archivo=2.7%20-%20S.R.D.E.pdf\">Solicitud de recepci\u00f3n definitiva de obras de edificaci\u00f3n<\/a><\/li>\n<\/ol>\n<p>[\/vc_column_text][\/vc_accordion_tab][vc_accordion_tab title=&#8221;Formulario de Subdivisi\u00f3n y Urbanizaci\u00f3n&#8221;][vc_column_text]<\/p>\n<p style=\"text-align: justify;\"><strong><span style=\"color: #ff0000;\">A ser aplicados para permisos y autorizaci\u00f3n de:<\/span><\/strong><\/p>\n<p style=\"text-align: justify;\">Subdivisi\u00f3n<br \/>\nFusi\u00f3n<br \/>\nUrbanizaci\u00f3n<br \/>\nLoteos<br \/>\nLoteo con construcci\u00f3n simult\u00e1nea<br \/>\nLoteo DFL N\u00b0 2 con construcci\u00f3n simult\u00e1nea<\/p>\n<ol>\n<li style=\"text-align: justify;\"><a title=\"3.1 - S.A.L.pdf - 253 kb\" href=\"http:\/\/www.minvu.cl\/incjs\/download.aspx?glb_cod_nodo=20070307184543&amp;hdd_nom_archivo=3.1%20-%20S.A.L.pdf\">Solicitud de aprobaci\u00f3n de anteproyecto de loteo<\/a><\/li>\n<li style=\"text-align: justify;\"><a title=\"3.2 - R.A.L.pdf - 229 kb\" href=\"http:\/\/www.minvu.cl\/incjs\/download.aspx?glb_cod_nodo=20070307184543&amp;hdd_nom_archivo=3.2%20-%20R.A.L.pdf\">Resoluci\u00f3n de aprobaci\u00f3n de anteproyecto de loteo<\/a><\/li>\n<li style=\"text-align: justify;\"><a title=\"3.8 S.G.U.pdf - 274 kb\" href=\"http:\/\/www.minvu.cl\/incjs\/download.aspx?glb_cod_nodo=20070307184543&amp;hdd_nom_archivo=3.8%20S.G.U.pdf\">Solicitud de garant\u00eda de obras de urbanizaci\u00f3n<\/a><\/li>\n<li style=\"text-align: justify;\"><a title=\"3.5 - R.L.U.pdf - 250 kb\" href=\"http:\/\/www.minvu.cl\/incjs\/download.aspx?glb_cod_nodo=20070307184543&amp;hdd_nom_archivo=3.5%20-%20R.L.U.pdf\">Resoluci\u00f3n de aprobaci\u00f3n de: loteo, urbanizaci\u00f3n, loteo con construcci\u00f3n simult\u00e1nea, loteo dfl n\u00b0 2<\/a><\/li>\n<li style=\"text-align: justify;\"><a title=\"3.4 - R.S.F.pdf - 286 kb\" href=\"http:\/\/www.minvu.cl\/incjs\/download.aspx?glb_cod_nodo=20070307184543&amp;hdd_nom_archivo=3.4%20-%20R.S.F.pdf\">Resoluci\u00f3n de aprobaci\u00f3n de subdivisi\u00f3n o fusi\u00f3n<\/a><\/li>\n<\/ol>\n<p>[\/vc_column_text][\/vc_accordion_tab][\/vc_accordion][\/vc_column][\/vc_row][vc_row][vc_column width=&#8221;1\/1&#8243;][vc_column_text]<\/p>\n<p style=\"text-align: justify;\"><span style=\"color: #ff0000;\"><strong>A ser aplicados para permisos y autorizaci\u00f3n de:<\/strong><\/span><\/p>\n<p style=\"text-align: justify;\">Subdivisi\u00f3n<br \/>\nFusi\u00f3n<br \/>\nUrbanizaci\u00f3n<br \/>\nLoteos<br \/>\nLoteo con construcci\u00f3n simult\u00e1nea<br \/>\nLoteo DFL N\u00b0 2 con construcci\u00f3n simult\u00e1nea<\/p>\n<ol>\n<li style=\"text-align: justify;\"><a title=\"3.1 - S.A.L.pdf - 253 kb\" href=\"http:\/\/www.minvu.cl\/incjs\/download.aspx?glb_cod_nodo=20070307184543&amp;hdd_nom_archivo=3.1%20-%20S.A.L.pdf\">Solicitud de aprobaci\u00f3n de anteproyecto de loteo<\/a><\/li>\n<li style=\"text-align: justify;\"><a title=\"3.2 - R.A.L.pdf - 229 kb\" href=\"http:\/\/www.minvu.cl\/incjs\/download.aspx?glb_cod_nodo=20070307184543&amp;hdd_nom_archivo=3.2%20-%20R.A.L.pdf\">Resoluci\u00f3n de aprobaci\u00f3n de anteproyecto de loteo<\/a><\/li>\n<li style=\"text-align: justify;\"><a title=\"3.4 - R.S.F.pdf - 286 kb\" href=\"http:\/\/www.minvu.cl\/incjs\/download.aspx?glb_cod_nodo=20070307184543&amp;hdd_nom_archivo=3.4%20-%20R.S.F.pdf\">Resoluci\u00f3n de aprobaci\u00f3n de subdivisi\u00f3n o fusi\u00f3n<\/a><\/li>\n<li style=\"text-align: justify;\"><a title=\"3.5 - R.L.U.pdf - 250 kb\" href=\"http:\/\/www.minvu.cl\/incjs\/download.aspx?glb_cod_nodo=20070307184543&amp;hdd_nom_archivo=3.5%20-%20R.L.U.pdf\">Resoluci\u00f3n de aprobaci\u00f3n de: loteo, urbanizaci\u00f3n, loteo con construcci\u00f3n simult\u00e1nea, loteo dfl n\u00b0 2<\/a><\/li>\n<li style=\"text-align: justify;\"><a title=\"3.6 - S.M.P.L.pdf - 286 kb\" href=\"http:\/\/www.minvu.cl\/incjs\/download.aspx?glb_cod_nodo=20070307184543&amp;hdd_nom_archivo=3.6%20-%20S.M.P.L.pdf\">Solicitud de modificaci\u00f3n de: loteo, urbanizaci\u00f3n, loteo con construcci\u00f3n simult\u00e1nea, loteol dfl n\u00b02<\/a><\/li>\n<li style=\"text-align: justify;\"><a title=\"3.7 - R.M.P.L.pdf - 294 kb\" href=\"http:\/\/www.minvu.cl\/incjs\/download.aspx?glb_cod_nodo=20070307184543&amp;hdd_nom_archivo=3.7%20-%20R.M.P.L.pdf\">Resoluci\u00f3n de modificaci\u00f3n de proyecto de: loteo, urbanizaci\u00f3n, loteo con construcci\u00f3n simult\u00e1nea<\/a><\/li>\n<li style=\"text-align: justify;\"><a title=\"3.8 S.G.U.pdf - 274 kb\" href=\"http:\/\/www.minvu.cl\/incjs\/download.aspx?glb_cod_nodo=20070307184543&amp;hdd_nom_archivo=3.8%20S.G.U.pdf\">Solicitud de garant\u00eda de obras de urbanizaci\u00f3n<\/a><\/li>\n<li style=\"text-align: justify;\"><a title=\"3.9 - C.U.G_47171342337386921.pdf - 263 kb\" href=\"http:\/\/www.minvu.cl\/incjs\/download.aspx?glb_cod_nodo=20070307184543&amp;hdd_nom_archivo=3.9%20-%20C.U.G_47171342337386921.pdf\">Certificado de obras de urbanizaci\u00f3n garantizadas<\/a><\/li>\n<li style=\"text-align: justify;\"><a title=\"3.10 - S.R.D.U.pdf - 266 kb\" href=\"http:\/\/www.minvu.cl\/incjs\/download.aspx?glb_cod_nodo=20070307184543&amp;hdd_nom_archivo=3.10%20-%20S.R.D.U.pdf\">Solicitud de recepci\u00f3n definitiva de obras de urbanizaci\u00f3n<\/a><\/li>\n<\/ol>\n<p>[\/vc_column_text][\/vc_column][\/vc_row]<\/p>\n","protected":false},"excerpt":{"rendered":"<p>[vc_row][vc_column width=&#8221;1\/1&#8243;][vc_separator color=&#8221;white&#8221;][\/vc_column][\/vc_row][vc_row][vc_column width=&#8221;1\/1&#8243;][vc_single_image image=&#8221;3383&#8243; border_color=&#8221;grey&#8221; img_link_target=&#8221;_self&#8221; img_size=&#8221;750&#215;100&#8243;][\/vc_column][\/vc_row][vc_row][vc_column width=&#8221;1\/1&#8243;][vc_column_text] Conforme al art\u00edculo 1.4.3. de la Ordenanza General de Urbanismo y Construcciones, al Ministerio de Vivienda y Urbanismo, le compete elaborar los Formularios \u00danicos Nacionales en relaci\u00f3n con cada actuaci\u00f3n que los interesados realicen en las Direcciones de Obras Municipales. Cada formulario contiene la informaci\u00f3n relevante [&hellip;]<\/p>\n","protected":false},"author":1,"featured_media":0,"parent":2953,"menu_order":0,"comment_status":"closed","ping_status":"open","template":"","meta":{"site-sidebar-layout":"default","site-content-layout":"","ast-site-content-layout":"","site-content-style":"default","site-sidebar-style":"default","ast-global-header-display":"","ast-banner-title-visibility":"","ast-main-header-display":"","ast-hfb-above-header-display":"","ast-hfb-below-header-display":"","ast-hfb-mobile-header-display":"","site-post-title":"","ast-breadcrumbs-content":"","ast-featured-img":"","footer-sml-layout":"","theme-transparent-header-meta":"","adv-header-id-meta":"","stick-header-meta":"","header-above-stick-meta":"","header-main-stick-meta":"","header-below-stick-meta":"","astra-migrate-meta-layouts":"default","ast-page-background-enabled":"default","ast-page-background-meta":{"desktop":{"background-color":"var(--ast-global-color-4)","background-image":"","background-repeat":"repeat","background-position":"center center","background-size":"auto","background-attachment":"scroll","background-type":"","background-media":"","overlay-type":"","overlay-color":"","overlay-opacity":"","overlay-gradient":""},"tablet":{"background-color":"","background-image":"","background-repeat":"repeat","background-position":"center center","background-size":"auto","background-attachment":"scroll","background-type":"","background-media":"","overlay-type":"","overlay-color":"","overlay-opacity":"","overlay-gradient":""},"mobile":{"background-color":"","background-image":"","background-repeat":"repeat","background-position":"center center","background-size":"auto","background-attachment":"scroll","background-type":"","background-media":"","overlay-type":"","overlay-color":"","overlay-opacity":"","overlay-gradient":""}},"ast-content-background-meta":{"desktop":{"background-color":"var(--ast-global-color-5)","background-image":"","background-repeat":"repeat","background-position":"center center","background-size":"auto","background-attachment":"scroll","background-type":"","background-media":"","overlay-type":"","overlay-color":"","overlay-opacity":"","overlay-gradient":""},"tablet":{"background-color":"var(--ast-global-color-5)","background-image":"","background-repeat":"repeat","background-position":"center center","background-size":"auto","background-attachment":"scroll","background-type":"","background-media":"","overlay-type":"","overlay-color":"","overlay-opacity":"","overlay-gradient":""},"mobile":{"background-color":"var(--ast-global-color-5)","background-image":"","background-repeat":"repeat","background-position":"center center","background-size":"auto","background-attachment":"scroll","background-type":"","background-media":"","overlay-type":"","overlay-color":"","overlay-opacity":"","overlay-gradient":""}},"footnotes":""},"class_list":["post-3376","page","type-page","status-publish","hentry"],"yoast_head":"<!-- This site is optimized with the Yoast SEO plugin v27.3 - https:\/\/yoast.com\/product\/yoast-seo-wordpress\/ -->\n<title>Tr\u00e1mites en la Direcci\u00f3n de obras -<\/title>\n<meta name=\"robots\" content=\"index, follow, max-snippet:-1, max-image-preview:large, max-video-preview:-1\" \/>\n<link rel=\"canonical\" href=\"https:\/\/www.munirauco.cl\/sitio\/guia-de-tramites\/tramites-en-la-direccion-de-obras\/\" \/>\n<meta property=\"og:locale\" content=\"es_ES\" \/>\n<meta property=\"og:type\" content=\"article\" \/>\n<meta property=\"og:title\" content=\"Tr\u00e1mites en la Direcci\u00f3n de obras -\" \/>\n<meta property=\"og:description\" content=\"[vc_row][vc_column width=&#8221;1\/1&#8243;][vc_separator color=&#8221;white&#8221;][\/vc_column][\/vc_row][vc_row][vc_column width=&#8221;1\/1&#8243;][vc_single_image image=&#8221;3383&#8243; border_color=&#8221;grey&#8221; img_link_target=&#8221;_self&#8221; img_size=&#8221;750&#215;100&#8243;][\/vc_column][\/vc_row][vc_row][vc_column width=&#8221;1\/1&#8243;][vc_column_text] Conforme al art\u00edculo 1.4.3. de la Ordenanza General de Urbanismo y Construcciones, al Ministerio de Vivienda y Urbanismo, le compete elaborar los Formularios \u00danicos Nacionales en relaci\u00f3n con cada actuaci\u00f3n que los interesados realicen en las Direcciones de Obras Municipales. Cada formulario contiene la informaci\u00f3n relevante [&hellip;]\" \/>\n<meta property=\"og:url\" content=\"https:\/\/www.munirauco.cl\/sitio\/guia-de-tramites\/tramites-en-la-direccion-de-obras\/\" \/>\n<meta property=\"article:publisher\" content=\"https:\/\/www.facebook.com\/munirauco\" \/>\n<meta name=\"twitter:card\" content=\"summary_large_image\" \/>\n<meta name=\"twitter:label1\" content=\"Tiempo estimado de lectura\" \/>\n\t<meta name=\"twitter:data1\" content=\"3 minutos\" \/>\n<script type=\"application\/ld+json\" class=\"yoast-schema-graph\">{\"@context\":\"https:\\\/\\\/schema.org\",\"@graph\":[{\"@type\":\"WebPage\",\"@id\":\"https:\\\/\\\/www.munirauco.cl\\\/sitio\\\/guia-de-tramites\\\/tramites-en-la-direccion-de-obras\\\/\",\"url\":\"https:\\\/\\\/www.munirauco.cl\\\/sitio\\\/guia-de-tramites\\\/tramites-en-la-direccion-de-obras\\\/\",\"name\":\"Tr\u00e1mites en la Direcci\u00f3n de obras -\",\"isPartOf\":{\"@id\":\"https:\\\/\\\/www.munirauco.cl\\\/sitio\\\/#website\"},\"datePublished\":\"2015-04-27T03:09:59+00:00\",\"breadcrumb\":{\"@id\":\"https:\\\/\\\/www.munirauco.cl\\\/sitio\\\/guia-de-tramites\\\/tramites-en-la-direccion-de-obras\\\/#breadcrumb\"},\"inLanguage\":\"es-CL\",\"potentialAction\":[{\"@type\":\"ReadAction\",\"target\":[\"https:\\\/\\\/www.munirauco.cl\\\/sitio\\\/guia-de-tramites\\\/tramites-en-la-direccion-de-obras\\\/\"]}]},{\"@type\":\"BreadcrumbList\",\"@id\":\"https:\\\/\\\/www.munirauco.cl\\\/sitio\\\/guia-de-tramites\\\/tramites-en-la-direccion-de-obras\\\/#breadcrumb\",\"itemListElement\":[{\"@type\":\"ListItem\",\"position\":1,\"name\":\"Portada\",\"item\":\"https:\\\/\\\/www.munirauco.cl\\\/sitio\\\/\"},{\"@type\":\"ListItem\",\"position\":2,\"name\":\"Gu\u00eda de Tr\u00e1mites\",\"item\":\"https:\\\/\\\/www.munirauco.cl\\\/sitio\\\/guia-de-tramites\\\/\"},{\"@type\":\"ListItem\",\"position\":3,\"name\":\"Tr\u00e1mites en la Direcci\u00f3n de obras\"}]},{\"@type\":\"WebSite\",\"@id\":\"https:\\\/\\\/www.munirauco.cl\\\/sitio\\\/#website\",\"url\":\"https:\\\/\\\/www.munirauco.cl\\\/sitio\\\/\",\"name\":\"Ilustre Municipalidad de Rauco\",\"description\":\"P\u00e1gina dedicada a prestar informaci\u00f3n y ayuda a la comunidad de Rauco.\",\"publisher\":{\"@id\":\"https:\\\/\\\/www.munirauco.cl\\\/sitio\\\/#organization\"},\"potentialAction\":[{\"@type\":\"SearchAction\",\"target\":{\"@type\":\"EntryPoint\",\"urlTemplate\":\"https:\\\/\\\/www.munirauco.cl\\\/sitio\\\/?s={search_term_string}\"},\"query-input\":{\"@type\":\"PropertyValueSpecification\",\"valueRequired\":true,\"valueName\":\"search_term_string\"}}],\"inLanguage\":\"es-CL\"},{\"@type\":\"Organization\",\"@id\":\"https:\\\/\\\/www.munirauco.cl\\\/sitio\\\/#organization\",\"name\":\"Ilustre Municipalidad de Rauco\",\"url\":\"https:\\\/\\\/www.munirauco.cl\\\/sitio\\\/\",\"logo\":{\"@type\":\"ImageObject\",\"inLanguage\":\"es-CL\",\"@id\":\"https:\\\/\\\/www.munirauco.cl\\\/sitio\\\/#\\\/schema\\\/logo\\\/image\\\/\",\"url\":\"https:\\\/\\\/www.munirauco.cl\\\/sitio\\\/wp-content\\\/uploads\\\/2021\\\/03\\\/logoRauco-t.png\",\"contentUrl\":\"https:\\\/\\\/www.munirauco.cl\\\/sitio\\\/wp-content\\\/uploads\\\/2021\\\/03\\\/logoRauco-t.png\",\"width\":1920,\"height\":1080,\"caption\":\"Ilustre Municipalidad de Rauco\"},\"image\":{\"@id\":\"https:\\\/\\\/www.munirauco.cl\\\/sitio\\\/#\\\/schema\\\/logo\\\/image\\\/\"},\"sameAs\":[\"https:\\\/\\\/www.facebook.com\\\/munirauco\",\"https:\\\/\\\/www.instagram.com\\\/raucoavanza\\\/\"]}]}<\/script>\n<!-- \/ Yoast SEO plugin. -->","yoast_head_json":{"title":"Tr\u00e1mites en la Direcci\u00f3n de obras -","robots":{"index":"index","follow":"follow","max-snippet":"max-snippet:-1","max-image-preview":"max-image-preview:large","max-video-preview":"max-video-preview:-1"},"canonical":"https:\/\/www.munirauco.cl\/sitio\/guia-de-tramites\/tramites-en-la-direccion-de-obras\/","og_locale":"es_ES","og_type":"article","og_title":"Tr\u00e1mites en la Direcci\u00f3n de obras -","og_description":"[vc_row][vc_column width=&#8221;1\/1&#8243;][vc_separator color=&#8221;white&#8221;][\/vc_column][\/vc_row][vc_row][vc_column width=&#8221;1\/1&#8243;][vc_single_image image=&#8221;3383&#8243; border_color=&#8221;grey&#8221; img_link_target=&#8221;_self&#8221; img_size=&#8221;750&#215;100&#8243;][\/vc_column][\/vc_row][vc_row][vc_column width=&#8221;1\/1&#8243;][vc_column_text] Conforme al art\u00edculo 1.4.3. de la Ordenanza General de Urbanismo y Construcciones, al Ministerio de Vivienda y Urbanismo, le compete elaborar los Formularios \u00danicos Nacionales en relaci\u00f3n con cada actuaci\u00f3n que los interesados realicen en las Direcciones de Obras Municipales. Cada formulario contiene la informaci\u00f3n relevante [&hellip;]","og_url":"https:\/\/www.munirauco.cl\/sitio\/guia-de-tramites\/tramites-en-la-direccion-de-obras\/","article_publisher":"https:\/\/www.facebook.com\/munirauco","twitter_card":"summary_large_image","twitter_misc":{"Tiempo estimado de lectura":"3 minutos"},"schema":{"@context":"https:\/\/schema.org","@graph":[{"@type":"WebPage","@id":"https:\/\/www.munirauco.cl\/sitio\/guia-de-tramites\/tramites-en-la-direccion-de-obras\/","url":"https:\/\/www.munirauco.cl\/sitio\/guia-de-tramites\/tramites-en-la-direccion-de-obras\/","name":"Tr\u00e1mites en la Direcci\u00f3n de obras -","isPartOf":{"@id":"https:\/\/www.munirauco.cl\/sitio\/#website"},"datePublished":"2015-04-27T03:09:59+00:00","breadcrumb":{"@id":"https:\/\/www.munirauco.cl\/sitio\/guia-de-tramites\/tramites-en-la-direccion-de-obras\/#breadcrumb"},"inLanguage":"es-CL","potentialAction":[{"@type":"ReadAction","target":["https:\/\/www.munirauco.cl\/sitio\/guia-de-tramites\/tramites-en-la-direccion-de-obras\/"]}]},{"@type":"BreadcrumbList","@id":"https:\/\/www.munirauco.cl\/sitio\/guia-de-tramites\/tramites-en-la-direccion-de-obras\/#breadcrumb","itemListElement":[{"@type":"ListItem","position":1,"name":"Portada","item":"https:\/\/www.munirauco.cl\/sitio\/"},{"@type":"ListItem","position":2,"name":"Gu\u00eda de Tr\u00e1mites","item":"https:\/\/www.munirauco.cl\/sitio\/guia-de-tramites\/"},{"@type":"ListItem","position":3,"name":"Tr\u00e1mites en la Direcci\u00f3n de obras"}]},{"@type":"WebSite","@id":"https:\/\/www.munirauco.cl\/sitio\/#website","url":"https:\/\/www.munirauco.cl\/sitio\/","name":"Ilustre Municipalidad de Rauco","description":"P\u00e1gina dedicada a prestar informaci\u00f3n y ayuda a la comunidad de Rauco.","publisher":{"@id":"https:\/\/www.munirauco.cl\/sitio\/#organization"},"potentialAction":[{"@type":"SearchAction","target":{"@type":"EntryPoint","urlTemplate":"https:\/\/www.munirauco.cl\/sitio\/?s={search_term_string}"},"query-input":{"@type":"PropertyValueSpecification","valueRequired":true,"valueName":"search_term_string"}}],"inLanguage":"es-CL"},{"@type":"Organization","@id":"https:\/\/www.munirauco.cl\/sitio\/#organization","name":"Ilustre Municipalidad de Rauco","url":"https:\/\/www.munirauco.cl\/sitio\/","logo":{"@type":"ImageObject","inLanguage":"es-CL","@id":"https:\/\/www.munirauco.cl\/sitio\/#\/schema\/logo\/image\/","url":"https:\/\/www.munirauco.cl\/sitio\/wp-content\/uploads\/2021\/03\/logoRauco-t.png","contentUrl":"https:\/\/www.munirauco.cl\/sitio\/wp-content\/uploads\/2021\/03\/logoRauco-t.png","width":1920,"height":1080,"caption":"Ilustre Municipalidad de Rauco"},"image":{"@id":"https:\/\/www.munirauco.cl\/sitio\/#\/schema\/logo\/image\/"},"sameAs":["https:\/\/www.facebook.com\/munirauco","https:\/\/www.instagram.com\/raucoavanza\/"]}]}},"_links":{"self":[{"href":"https:\/\/www.munirauco.cl\/sitio\/wp-json\/wp\/v2\/pages\/3376","targetHints":{"allow":["GET"]}}],"collection":[{"href":"https:\/\/www.munirauco.cl\/sitio\/wp-json\/wp\/v2\/pages"}],"about":[{"href":"https:\/\/www.munirauco.cl\/sitio\/wp-json\/wp\/v2\/types\/page"}],"author":[{"embeddable":true,"href":"https:\/\/www.munirauco.cl\/sitio\/wp-json\/wp\/v2\/users\/1"}],"replies":[{"embeddable":true,"href":"https:\/\/www.munirauco.cl\/sitio\/wp-json\/wp\/v2\/comments?post=3376"}],"version-history":[{"count":0,"href":"https:\/\/www.munirauco.cl\/sitio\/wp-json\/wp\/v2\/pages\/3376\/revisions"}],"up":[{"embeddable":true,"href":"https:\/\/www.munirauco.cl\/sitio\/wp-json\/wp\/v2\/pages\/2953"}],"wp:attachment":[{"href":"https:\/\/www.munirauco.cl\/sitio\/wp-json\/wp\/v2\/media?parent=3376"}],"curies":[{"name":"wp","href":"https:\/\/api.w.org\/{rel}","templated":true}]}}