{"id":3446,"date":"2015-04-28T10:14:32","date_gmt":"2015-04-28T10:14:32","guid":{"rendered":"http:\/\/municipalidadrauco.cl\/web\/?page_id=3446"},"modified":"2021-03-06T13:13:00","modified_gmt":"2021-03-06T16:13:00","slug":"consejo-sociedad-civil","status":"publish","type":"page","link":"https:\/\/www.munirauco.cl\/sitio\/consejo-sociedad-civil\/","title":{"rendered":"Consejo Sociedad Civil"},"content":{"rendered":"\t\t<div data-elementor-type=\"wp-page\" data-elementor-id=\"3446\" class=\"elementor elementor-3446\">\n\t\t\t\t\t\t<section class=\"elementor-section elementor-top-section elementor-element elementor-element-76494d91 elementor-section-boxed elementor-section-height-default elementor-section-height-default\" data-id=\"76494d91\" data-element_type=\"section\" data-e-type=\"section\">\n\t\t\t\t\t\t<div class=\"elementor-container elementor-column-gap-default\">\n\t\t\t\t\t<div class=\"elementor-column elementor-col-100 elementor-top-column elementor-element elementor-element-715100ec\" data-id=\"715100ec\" data-element_type=\"column\" data-e-type=\"column\">\n\t\t\t<div class=\"elementor-widget-wrap elementor-element-populated\">\n\t\t\t\t\t\t<div class=\"elementor-element elementor-element-6fd8d5d elementor-widget elementor-widget-text-editor\" data-id=\"6fd8d5d\" data-element_type=\"widget\" data-e-type=\"widget\" data-widget_type=\"text-editor.default\">\n\t\t\t\t<div class=\"elementor-widget-container\">\n\t\t\t\t\t\t\t\t\t<p>\u00a0 \u00a0 \u00a0Los consejos de la sociedad civil son un mecanismo de participaci\u00f3n ciudadana cuyos integrantes representan a organizaciones de la sociedad civil relacionados al quehacer de la instituci\u00f3n.<\/p><p><br \/>\u00a0 \u00a0 \u00a0Su funci\u00f3n es acompa\u00f1ar a la m\u00e1xima autoridad de cada Ministerio o servicio p\u00fablico en los procesos de toma de decisiones en pol\u00edticas p\u00fablicas.<\/p><p><br \/>\u00a0 \u00a0 \u00a0Los consejos de la sociedad civil son de car\u00e1cter consultivo (no vinculantes), aut\u00f3nomos y est\u00e1n conformados por representantes de la sociedad civil cuya labor est\u00e9 relacionada con los temas de competencia del \u00f3rgano de la administraci\u00f3n p\u00fablica. Adem\u00e1s es necesario que su composici\u00f3n tenga presente los criterios de: diversidad, pluralidad y representatividad.<\/p>\t\t\t\t\t\t\t\t<\/div>\n\t\t\t\t<\/div>\n\t\t\t\t<div class=\"elementor-element elementor-element-69e04da2 elementor-widget elementor-widget-text-editor\" data-id=\"69e04da2\" data-element_type=\"widget\" data-e-type=\"widget\" data-widget_type=\"text-editor.default\">\n\t\t\t\t<div class=\"elementor-widget-container\">\n\t\t\t\t\t\t\t\t\t<p style=\"text-align: center;\">Consejeros electos Per\u00edodo 2016 &#8211; 2020<\/p>\n<p style=\"text-align: center;\">Elecci\u00f3n d\u00eda 09 de Julio de 2016<\/p>\t\t\t\t\t\t\t\t<\/div>\n\t\t\t\t<\/div>\n\t\t\t\t<section class=\"elementor-section elementor-inner-section elementor-element elementor-element-86eb63b elementor-section-boxed elementor-section-height-default elementor-section-height-default\" data-id=\"86eb63b\" data-element_type=\"section\" data-e-type=\"section\">\n\t\t\t\t\t\t<div class=\"elementor-container elementor-column-gap-default\">\n\t\t\t\t\t<div class=\"elementor-column elementor-col-100 elementor-inner-column elementor-element elementor-element-2103151\" data-id=\"2103151\" data-element_type=\"column\" data-e-type=\"column\">\n\t\t\t<div class=\"elementor-widget-wrap elementor-element-populated\">\n\t\t\t\t\t\t<div class=\"elementor-element elementor-element-204e0fe elementor-widget elementor-widget-accordion\" data-id=\"204e0fe\" data-element_type=\"widget\" data-e-type=\"widget\" data-widget_type=\"accordion.default\">\n\t\t\t\t<div class=\"elementor-widget-container\">\n\t\t\t\t\t\t\t<div class=\"elementor-accordion\">\n\t\t\t\t\t\t\t<div class=\"elementor-accordion-item\">\n\t\t\t\t\t<div id=\"elementor-tab-title-3381\" class=\"elementor-tab-title\" data-tab=\"1\" role=\"button\" aria-controls=\"elementor-tab-content-3381\" aria-expanded=\"false\">\n\t\t\t\t\t\t\t\t\t\t\t\t\t<span class=\"elementor-accordion-icon elementor-accordion-icon-left\" aria-hidden=\"true\">\n\t\t\t\t\t\t\t\t\t\t\t\t\t\t\t<span class=\"elementor-accordion-icon-closed\"><i class=\"fas fa-plus\"><\/i><\/span>\n\t\t\t\t\t\t\t\t<span class=\"elementor-accordion-icon-opened\"><i class=\"fas fa-minus\"><\/i><\/span>\n\t\t\t\t\t\t\t\t\t\t\t\t\t\t<\/span>\n\t\t\t\t\t\t\t\t\t\t\t\t<a class=\"elementor-accordion-title\" tabindex=\"0\">Organizaciones Territoriales<\/a>\n\t\t\t\t\t<\/div>\n\t\t\t\t\t<div id=\"elementor-tab-content-3381\" class=\"elementor-tab-content elementor-clearfix\" data-tab=\"1\" role=\"region\" aria-labelledby=\"elementor-tab-title-3381\"><div class=\"content-column one_third\"><p>Wilma Retamal Espinoza<br \/>Mar\u00eda Hern\u00e1ndez Fuentes<br \/>Olga Saavedra Zurita<br \/>Jos\u00e9 Hern\u00e1ndez Fuentes<br \/>Cesar Brice\u00f1o Far\u00edas<\/p><\/div><p><br \/><br \/><\/p><\/div>\n\t\t\t\t<\/div>\n\t\t\t\t\t\t\t<div class=\"elementor-accordion-item\">\n\t\t\t\t\t<div id=\"elementor-tab-title-3382\" class=\"elementor-tab-title\" data-tab=\"2\" role=\"button\" aria-controls=\"elementor-tab-content-3382\" aria-expanded=\"false\">\n\t\t\t\t\t\t\t\t\t\t\t\t\t<span class=\"elementor-accordion-icon elementor-accordion-icon-left\" aria-hidden=\"true\">\n\t\t\t\t\t\t\t\t\t\t\t\t\t\t\t<span class=\"elementor-accordion-icon-closed\"><i class=\"fas fa-plus\"><\/i><\/span>\n\t\t\t\t\t\t\t\t<span class=\"elementor-accordion-icon-opened\"><i class=\"fas fa-minus\"><\/i><\/span>\n\t\t\t\t\t\t\t\t\t\t\t\t\t\t<\/span>\n\t\t\t\t\t\t\t\t\t\t\t\t<a class=\"elementor-accordion-title\" tabindex=\"0\">Organizaciones Funcionales<\/a>\n\t\t\t\t\t<\/div>\n\t\t\t\t\t<div id=\"elementor-tab-content-3382\" class=\"elementor-tab-content elementor-clearfix\" data-tab=\"2\" role=\"region\" aria-labelledby=\"elementor-tab-title-3382\"><p>Karina Guerra \u00c1lvarez<br \/>Ismael Verdugo Figueroa<br \/>Eduardo Marchant Axt<br \/>Enrique Salvador<\/p><\/div>\n\t\t\t\t<\/div>\n\t\t\t\t\t\t\t<div class=\"elementor-accordion-item\">\n\t\t\t\t\t<div id=\"elementor-tab-title-3383\" class=\"elementor-tab-title\" data-tab=\"3\" role=\"button\" aria-controls=\"elementor-tab-content-3383\" aria-expanded=\"false\">\n\t\t\t\t\t\t\t\t\t\t\t\t\t<span class=\"elementor-accordion-icon elementor-accordion-icon-left\" aria-hidden=\"true\">\n\t\t\t\t\t\t\t\t\t\t\t\t\t\t\t<span class=\"elementor-accordion-icon-closed\"><i class=\"fas fa-plus\"><\/i><\/span>\n\t\t\t\t\t\t\t\t<span class=\"elementor-accordion-icon-opened\"><i class=\"fas fa-minus\"><\/i><\/span>\n\t\t\t\t\t\t\t\t\t\t\t\t\t\t<\/span>\n\t\t\t\t\t\t\t\t\t\t\t\t<a class=\"elementor-accordion-title\" tabindex=\"0\">Organizaciones de Inter\u00e9s P\u00fablico<\/a>\n\t\t\t\t\t<\/div>\n\t\t\t\t\t<div id=\"elementor-tab-content-3383\" class=\"elementor-tab-content elementor-clearfix\" data-tab=\"3\" role=\"region\" aria-labelledby=\"elementor-tab-title-3383\"><p>Mar\u00eda Almuna Fuentes<br \/>Jacqueline Gonz\u00e1lez Cortez<br \/>Manuel Jofr\u00e9 Mu\u00f1oz<\/p><\/div>\n\t\t\t\t<\/div>\n\t\t\t\t\t\t\t\t<\/div>\n\t\t\t\t\t\t<\/div>\n\t\t\t\t<\/div>\n\t\t\t\t\t<\/div>\n\t\t<\/div>\n\t\t\t\t\t<\/div>\n\t\t<\/section>\n\t\t\t\t\t<\/div>\n\t\t<\/div>\n\t\t\t\t\t<\/div>\n\t\t<\/section>\n\t\t\t\t<\/div>\n\t\t","protected":false},"excerpt":{"rendered":"<p>\u00a0 \u00a0 \u00a0Los consejos de la sociedad civil son un mecanismo de participaci\u00f3n ciudadana cuyos integrantes representan a organizaciones de la sociedad civil relacionados al quehacer de la instituci\u00f3n. \u00a0 \u00a0 \u00a0Su funci\u00f3n es acompa\u00f1ar a la m\u00e1xima autoridad de cada Ministerio o servicio p\u00fablico en los procesos de toma de decisiones en pol\u00edticas p\u00fablicas. [&hellip;]<\/p>\n","protected":false},"author":1,"featured_media":0,"parent":0,"menu_order":0,"comment_status":"closed","ping_status":"open","template":"","meta":{"site-sidebar-layout":"default","site-content-layout":"","ast-site-content-layout":"","site-content-style":"default","site-sidebar-style":"default","ast-global-header-display":"","ast-banner-title-visibility":"","ast-main-header-display":"","ast-hfb-above-header-display":"","ast-hfb-below-header-display":"","ast-hfb-mobile-header-display":"","site-post-title":"","ast-breadcrumbs-content":"","ast-featured-img":"","footer-sml-layout":"","theme-transparent-header-meta":"","adv-header-id-meta":"","stick-header-meta":"","header-above-stick-meta":"","header-main-stick-meta":"","header-below-stick-meta":"","astra-migrate-meta-layouts":"default","ast-page-background-enabled":"default","ast-page-background-meta":{"desktop":{"background-color":"var(--ast-global-color-4)","background-image":"","background-repeat":"repeat","background-position":"center center","background-size":"auto","background-attachment":"scroll","background-type":"","background-media":"","overlay-type":"","overlay-color":"","overlay-opacity":"","overlay-gradient":""},"tablet":{"background-color":"","background-image":"","background-repeat":"repeat","background-position":"center center","background-size":"auto","background-attachment":"scroll","background-type":"","background-media":"","overlay-type":"","overlay-color":"","overlay-opacity":"","overlay-gradient":""},"mobile":{"background-color":"","background-image":"","background-repeat":"repeat","background-position":"center center","background-size":"auto","background-attachment":"scroll","background-type":"","background-media":"","overlay-type":"","overlay-color":"","overlay-opacity":"","overlay-gradient":""}},"ast-content-background-meta":{"desktop":{"background-color":"var(--ast-global-color-5)","background-image":"","background-repeat":"repeat","background-position":"center center","background-size":"auto","background-attachment":"scroll","background-type":"","background-media":"","overlay-type":"","overlay-color":"","overlay-opacity":"","overlay-gradient":""},"tablet":{"background-color":"var(--ast-global-color-5)","background-image":"","background-repeat":"repeat","background-position":"center center","background-size":"auto","background-attachment":"scroll","background-type":"","background-media":"","overlay-type":"","overlay-color":"","overlay-opacity":"","overlay-gradient":""},"mobile":{"background-color":"var(--ast-global-color-5)","background-image":"","background-repeat":"repeat","background-position":"center center","background-size":"auto","background-attachment":"scroll","background-type":"","background-media":"","overlay-type":"","overlay-color":"","overlay-opacity":"","overlay-gradient":""}},"footnotes":""},"class_list":["post-3446","page","type-page","status-publish","hentry"],"yoast_head":"<!-- This site is optimized with the Yoast SEO plugin v27.5 - https:\/\/yoast.com\/product\/yoast-seo-wordpress\/ -->\n<title>Consejo Sociedad Civil -<\/title>\n<meta name=\"robots\" content=\"index, follow, max-snippet:-1, max-image-preview:large, max-video-preview:-1\" \/>\n<link rel=\"canonical\" href=\"https:\/\/www.munirauco.cl\/sitio\/consejo-sociedad-civil\/\" \/>\n<meta property=\"og:locale\" content=\"es_ES\" \/>\n<meta property=\"og:type\" content=\"article\" \/>\n<meta property=\"og:title\" content=\"Consejo Sociedad Civil -\" \/>\n<meta property=\"og:description\" content=\"\u00a0 \u00a0 \u00a0Los consejos de la sociedad civil son un mecanismo de participaci\u00f3n ciudadana cuyos integrantes representan a organizaciones de la sociedad civil relacionados al quehacer de la instituci\u00f3n. \u00a0 \u00a0 \u00a0Su funci\u00f3n es acompa\u00f1ar a la m\u00e1xima autoridad de cada Ministerio o servicio p\u00fablico en los procesos de toma de decisiones en pol\u00edticas p\u00fablicas. [&hellip;]\" \/>\n<meta property=\"og:url\" content=\"https:\/\/www.munirauco.cl\/sitio\/consejo-sociedad-civil\/\" \/>\n<meta property=\"article:publisher\" content=\"https:\/\/www.facebook.com\/munirauco\" \/>\n<meta property=\"article:modified_time\" content=\"2021-03-06T16:13:00+00:00\" \/>\n<meta name=\"twitter:card\" content=\"summary_large_image\" \/>\n<meta name=\"twitter:label1\" content=\"Tiempo estimado de lectura\" \/>\n\t<meta name=\"twitter:data1\" content=\"1 minuto\" \/>\n<script type=\"application\/ld+json\" class=\"yoast-schema-graph\">{\"@context\":\"https:\\\/\\\/schema.org\",\"@graph\":[{\"@type\":\"WebPage\",\"@id\":\"https:\\\/\\\/www.munirauco.cl\\\/sitio\\\/consejo-sociedad-civil\\\/\",\"url\":\"https:\\\/\\\/www.munirauco.cl\\\/sitio\\\/consejo-sociedad-civil\\\/\",\"name\":\"Consejo Sociedad Civil -\",\"isPartOf\":{\"@id\":\"https:\\\/\\\/www.munirauco.cl\\\/sitio\\\/#website\"},\"datePublished\":\"2015-04-28T10:14:32+00:00\",\"dateModified\":\"2021-03-06T16:13:00+00:00\",\"breadcrumb\":{\"@id\":\"https:\\\/\\\/www.munirauco.cl\\\/sitio\\\/consejo-sociedad-civil\\\/#breadcrumb\"},\"inLanguage\":\"es-CL\",\"potentialAction\":[{\"@type\":\"ReadAction\",\"target\":[\"https:\\\/\\\/www.munirauco.cl\\\/sitio\\\/consejo-sociedad-civil\\\/\"]}]},{\"@type\":\"BreadcrumbList\",\"@id\":\"https:\\\/\\\/www.munirauco.cl\\\/sitio\\\/consejo-sociedad-civil\\\/#breadcrumb\",\"itemListElement\":[{\"@type\":\"ListItem\",\"position\":1,\"name\":\"Portada\",\"item\":\"https:\\\/\\\/www.munirauco.cl\\\/sitio\\\/\"},{\"@type\":\"ListItem\",\"position\":2,\"name\":\"Consejo Sociedad Civil\"}]},{\"@type\":\"WebSite\",\"@id\":\"https:\\\/\\\/www.munirauco.cl\\\/sitio\\\/#website\",\"url\":\"https:\\\/\\\/www.munirauco.cl\\\/sitio\\\/\",\"name\":\"Ilustre Municipalidad de Rauco\",\"description\":\"P\u00e1gina dedicada a prestar informaci\u00f3n y ayuda a la comunidad de Rauco.\",\"publisher\":{\"@id\":\"https:\\\/\\\/www.munirauco.cl\\\/sitio\\\/#organization\"},\"potentialAction\":[{\"@type\":\"SearchAction\",\"target\":{\"@type\":\"EntryPoint\",\"urlTemplate\":\"https:\\\/\\\/www.munirauco.cl\\\/sitio\\\/?s={search_term_string}\"},\"query-input\":{\"@type\":\"PropertyValueSpecification\",\"valueRequired\":true,\"valueName\":\"search_term_string\"}}],\"inLanguage\":\"es-CL\"},{\"@type\":\"Organization\",\"@id\":\"https:\\\/\\\/www.munirauco.cl\\\/sitio\\\/#organization\",\"name\":\"Ilustre Municipalidad de Rauco\",\"url\":\"https:\\\/\\\/www.munirauco.cl\\\/sitio\\\/\",\"logo\":{\"@type\":\"ImageObject\",\"inLanguage\":\"es-CL\",\"@id\":\"https:\\\/\\\/www.munirauco.cl\\\/sitio\\\/#\\\/schema\\\/logo\\\/image\\\/\",\"url\":\"https:\\\/\\\/www.munirauco.cl\\\/sitio\\\/wp-content\\\/uploads\\\/2021\\\/03\\\/logoRauco-t.png\",\"contentUrl\":\"https:\\\/\\\/www.munirauco.cl\\\/sitio\\\/wp-content\\\/uploads\\\/2021\\\/03\\\/logoRauco-t.png\",\"width\":1920,\"height\":1080,\"caption\":\"Ilustre Municipalidad de Rauco\"},\"image\":{\"@id\":\"https:\\\/\\\/www.munirauco.cl\\\/sitio\\\/#\\\/schema\\\/logo\\\/image\\\/\"},\"sameAs\":[\"https:\\\/\\\/www.facebook.com\\\/munirauco\",\"https:\\\/\\\/www.instagram.com\\\/raucoavanza\\\/\"]}]}<\/script>\n<!-- \/ Yoast SEO plugin. -->","yoast_head_json":{"title":"Consejo Sociedad Civil -","robots":{"index":"index","follow":"follow","max-snippet":"max-snippet:-1","max-image-preview":"max-image-preview:large","max-video-preview":"max-video-preview:-1"},"canonical":"https:\/\/www.munirauco.cl\/sitio\/consejo-sociedad-civil\/","og_locale":"es_ES","og_type":"article","og_title":"Consejo Sociedad Civil -","og_description":"\u00a0 \u00a0 \u00a0Los consejos de la sociedad civil son un mecanismo de participaci\u00f3n ciudadana cuyos integrantes representan a organizaciones de la sociedad civil relacionados al quehacer de la instituci\u00f3n. \u00a0 \u00a0 \u00a0Su funci\u00f3n es acompa\u00f1ar a la m\u00e1xima autoridad de cada Ministerio o servicio p\u00fablico en los procesos de toma de decisiones en pol\u00edticas p\u00fablicas. [&hellip;]","og_url":"https:\/\/www.munirauco.cl\/sitio\/consejo-sociedad-civil\/","article_publisher":"https:\/\/www.facebook.com\/munirauco","article_modified_time":"2021-03-06T16:13:00+00:00","twitter_card":"summary_large_image","twitter_misc":{"Tiempo estimado de lectura":"1 minuto"},"schema":{"@context":"https:\/\/schema.org","@graph":[{"@type":"WebPage","@id":"https:\/\/www.munirauco.cl\/sitio\/consejo-sociedad-civil\/","url":"https:\/\/www.munirauco.cl\/sitio\/consejo-sociedad-civil\/","name":"Consejo Sociedad Civil -","isPartOf":{"@id":"https:\/\/www.munirauco.cl\/sitio\/#website"},"datePublished":"2015-04-28T10:14:32+00:00","dateModified":"2021-03-06T16:13:00+00:00","breadcrumb":{"@id":"https:\/\/www.munirauco.cl\/sitio\/consejo-sociedad-civil\/#breadcrumb"},"inLanguage":"es-CL","potentialAction":[{"@type":"ReadAction","target":["https:\/\/www.munirauco.cl\/sitio\/consejo-sociedad-civil\/"]}]},{"@type":"BreadcrumbList","@id":"https:\/\/www.munirauco.cl\/sitio\/consejo-sociedad-civil\/#breadcrumb","itemListElement":[{"@type":"ListItem","position":1,"name":"Portada","item":"https:\/\/www.munirauco.cl\/sitio\/"},{"@type":"ListItem","position":2,"name":"Consejo Sociedad Civil"}]},{"@type":"WebSite","@id":"https:\/\/www.munirauco.cl\/sitio\/#website","url":"https:\/\/www.munirauco.cl\/sitio\/","name":"Ilustre Municipalidad de Rauco","description":"P\u00e1gina dedicada a prestar informaci\u00f3n y ayuda a la comunidad de Rauco.","publisher":{"@id":"https:\/\/www.munirauco.cl\/sitio\/#organization"},"potentialAction":[{"@type":"SearchAction","target":{"@type":"EntryPoint","urlTemplate":"https:\/\/www.munirauco.cl\/sitio\/?s={search_term_string}"},"query-input":{"@type":"PropertyValueSpecification","valueRequired":true,"valueName":"search_term_string"}}],"inLanguage":"es-CL"},{"@type":"Organization","@id":"https:\/\/www.munirauco.cl\/sitio\/#organization","name":"Ilustre Municipalidad de Rauco","url":"https:\/\/www.munirauco.cl\/sitio\/","logo":{"@type":"ImageObject","inLanguage":"es-CL","@id":"https:\/\/www.munirauco.cl\/sitio\/#\/schema\/logo\/image\/","url":"https:\/\/www.munirauco.cl\/sitio\/wp-content\/uploads\/2021\/03\/logoRauco-t.png","contentUrl":"https:\/\/www.munirauco.cl\/sitio\/wp-content\/uploads\/2021\/03\/logoRauco-t.png","width":1920,"height":1080,"caption":"Ilustre Municipalidad de Rauco"},"image":{"@id":"https:\/\/www.munirauco.cl\/sitio\/#\/schema\/logo\/image\/"},"sameAs":["https:\/\/www.facebook.com\/munirauco","https:\/\/www.instagram.com\/raucoavanza\/"]}]}},"_links":{"self":[{"href":"https:\/\/www.munirauco.cl\/sitio\/wp-json\/wp\/v2\/pages\/3446","targetHints":{"allow":["GET"]}}],"collection":[{"href":"https:\/\/www.munirauco.cl\/sitio\/wp-json\/wp\/v2\/pages"}],"about":[{"href":"https:\/\/www.munirauco.cl\/sitio\/wp-json\/wp\/v2\/types\/page"}],"author":[{"embeddable":true,"href":"https:\/\/www.munirauco.cl\/sitio\/wp-json\/wp\/v2\/users\/1"}],"replies":[{"embeddable":true,"href":"https:\/\/www.munirauco.cl\/sitio\/wp-json\/wp\/v2\/comments?post=3446"}],"version-history":[{"count":9,"href":"https:\/\/www.munirauco.cl\/sitio\/wp-json\/wp\/v2\/pages\/3446\/revisions"}],"predecessor-version":[{"id":9397,"href":"https:\/\/www.munirauco.cl\/sitio\/wp-json\/wp\/v2\/pages\/3446\/revisions\/9397"}],"wp:attachment":[{"href":"https:\/\/www.munirauco.cl\/sitio\/wp-json\/wp\/v2\/media?parent=3446"}],"curies":[{"name":"wp","href":"https:\/\/api.w.org\/{rel}","templated":true}]}}